{"id":6467,"date":"2020-05-28T15:53:09","date_gmt":"2020-05-28T13:53:09","guid":{"rendered":"https:\/\/glazbena.hr\/?page_id=6467"},"modified":"2023-08-17T10:45:13","modified_gmt":"2023-08-17T09:45:13","slug":"prvi-pripremni-razred-srednje-glazbene-skole","status":"publish","type":"page","link":"https:\/\/glazbena.hr\/gb\/prvi-pripremni-razred-srednje-glazbene-skole\/","title":{"rendered":"Pretprijava za upis u prvi pripremni razred glazbene \u0161kole"},"content":{"rendered":"<p>Pretprijave za upis u\u010denika u prvi pripremni razred glazbene \u0161kole namijenjene su kandidatima do navr\u0161enih 15 godina \u017eivota, a iznimku \u010dine temeljni predmeti: tuba, kontrabas i fagot do navr\u0161enih 18 godina \u017eivota te solo pjevanje do navr\u0161enih 20 godina za u\u010denice i solo pjevanje do navr\u0161ene 22 godine \u017eivota za u\u010denike.<br \/>\nUpisi u pripremni razred glazbene \u0161kole provode se elektronskim putem preko aplikacije na stranici <a href=\"https:\/\/srednje.e-upisi.hr\" target=\"_blank\" rel=\"noopener\">https:\/\/srednje.e-upisi.hr<\/a><br \/>\nKandidate koji nisu u\u010denici 8. razreda osnovne \u0161kole aktivirat \u0107e se u sustavu koriste\u0107i njihov dostavljeni OIB u pretprijavi, kako bi im se omogu\u0107ila prijava u sustav.<br \/>\nNatje\u010daj za upis u\u010denika u prvi pripremni razred osnovne glazbene \u0161kole i termini prijemnih ispita bit \u0107e objavljeni na mre\u017enoj stranici i oglasnoj plo\u010di \u0160kole te na Facebook stranici Glazbene \u0161kole u Vara\u017edinu.<\/p>\n<p>Za vi\u0161e informacija molimo vas da nas kontaktirate na 042\/200-940 i 042\/200-942.<\/p>\n<hr \/>\n\n<div class=\"wpcf7 no-js\" id=\"wpcf7-f6466-o1\" lang=\"en-US\" dir=\"ltr\" data-wpcf7-id=\"6466\">\n<div class=\"screen-reader-response\"><p role=\"status\" aria-live=\"polite\" aria-atomic=\"true\"><\/p> <ul><\/ul><\/div>\n<form action=\"\/gb\/wp-json\/wp\/v2\/pages\/6467#wpcf7-f6466-o1\" method=\"post\" class=\"wpcf7-form init\" aria-label=\"Contact form\" novalidate=\"novalidate\" data-status=\"init\">\n<fieldset class=\"hidden-fields-container\"><input type=\"hidden\" name=\"_wpcf7\" value=\"6466\" \/><input type=\"hidden\" name=\"_wpcf7_version\" value=\"6.1.1\" \/><input type=\"hidden\" name=\"_wpcf7_locale\" value=\"en_US\" \/><input type=\"hidden\" name=\"_wpcf7_unit_tag\" value=\"wpcf7-f6466-o1\" \/><input type=\"hidden\" name=\"_wpcf7_container_post\" value=\"0\" \/><input type=\"hidden\" name=\"_wpcf7_posted_data_hash\" value=\"\" \/><input type=\"hidden\" name=\"_wpcf7_recaptcha_response\" value=\"\" \/>\n<\/fieldset>\n<style>\ninput[type=\"checkbox\"] { display: inline-block !important; } \nspan.wpcf7-list-item { margin: 0; }\nh1, h2, p, hr { margin-bottom: 40px !important; }\ninput { text-transform: inherit !important; }\n<\/style>\n<h1>Pretprijava za upis u prvi pripremni razred Glazbene \u0161kole u Vara\u017edinu\n<\/h1>\n<p>Odaberite program pripremne naobrazbe: <span class=\"wpcf7-form-control-wrap\" data-name=\"program\"><select class=\"wpcf7-form-control wpcf7-select wpcf7-validates-as-required\" aria-required=\"true\" aria-invalid=\"false\" name=\"program\"><option value=\"\"><\/option><option value=\"solo pjevanje\">solo pjevanje<\/option><option value=\"teorijski smjer\">teorijski smjer<\/option><option value=\"udaraljke\">udaraljke<\/option><option value=\"kontrabas\">kontrabas<\/option><option value=\"oboa\">oboa<\/option><option value=\"saksofon\">saksofon<\/option><option value=\"tambure\">tambure<\/option><option value=\"klarinet\">klarinet<\/option><option value=\"rog\">rog<\/option><option value=\"flauta\">flauta<\/option><option value=\"fagot\">fagot<\/option><option value=\"harfa\">harfa<\/option><\/select><\/span>\n<\/p>\n<h2>Podaci o u\u010deniku\n<\/h2>\n<p>Ime i prezime: <span class=\"wpcf7-form-control-wrap\" data-name=\"ime\"><input size=\"40\" maxlength=\"400\" class=\"wpcf7-form-control wpcf7-text wpcf7-validates-as-required\" aria-required=\"true\" aria-invalid=\"false\" value=\"\" type=\"text\" name=\"ime\" \/><\/span>\n<\/p>\n<p>Datum ro\u0111enja: <span class=\"wpcf7-form-control-wrap\" data-name=\"datum-rodjenja\"><input size=\"40\" maxlength=\"400\" class=\"wpcf7-form-control wpcf7-text wpcf7-validates-as-required\" aria-required=\"true\" aria-invalid=\"false\" value=\"\" type=\"text\" name=\"datum-rodjenja\" \/><\/span>\n<\/p>\n<p>Mjesto i dr\u017eava ro\u0111enja: <span class=\"wpcf7-form-control-wrap\" data-name=\"mjesto_rodenja\"><input size=\"40\" maxlength=\"400\" class=\"wpcf7-form-control wpcf7-text wpcf7-validates-as-required\" aria-required=\"true\" aria-invalid=\"false\" value=\"\" type=\"text\" name=\"mjesto_rodenja\" \/><\/span>\n<\/p>\n<p>Adresa: <span class=\"wpcf7-form-control-wrap\" data-name=\"adresa\"><input size=\"40\" maxlength=\"400\" class=\"wpcf7-form-control wpcf7-text wpcf7-validates-as-required\" aria-required=\"true\" aria-invalid=\"false\" value=\"\" type=\"text\" name=\"adresa\" \/><\/span>\n<\/p>\n<p>OIB: <span class=\"wpcf7-form-control-wrap\" data-name=\"OIB\"><input size=\"40\" maxlength=\"400\" class=\"wpcf7-form-control wpcf7-text wpcf7-validates-as-required\" aria-required=\"true\" aria-invalid=\"false\" value=\"\" type=\"text\" name=\"OIB\" \/><\/span>\n<\/p>\n<h2>Podaci o roditelju\/skrbniku\n<\/h2>\n<p>Ime i prezime: <span class=\"wpcf7-form-control-wrap\" data-name=\"ime_roditelja\"><input size=\"40\" maxlength=\"400\" class=\"wpcf7-form-control wpcf7-text wpcf7-validates-as-required\" aria-required=\"true\" aria-invalid=\"false\" value=\"\" type=\"text\" name=\"ime_roditelja\" \/><\/span>\n<\/p>\n<p>E-mail: <span class=\"wpcf7-form-control-wrap\" data-name=\"your-email\"><input size=\"40\" maxlength=\"400\" class=\"wpcf7-form-control wpcf7-email wpcf7-validates-as-required wpcf7-text wpcf7-validates-as-email\" aria-required=\"true\" aria-invalid=\"false\" value=\"\" type=\"email\" name=\"your-email\" \/><\/span>\n<\/p>\n<p>Broj mobitela\/kontakt telefon: <span class=\"wpcf7-form-control-wrap\" data-name=\"mobitel\"><input size=\"40\" maxlength=\"400\" class=\"wpcf7-form-control wpcf7-text wpcf7-validates-as-required\" aria-required=\"true\" aria-invalid=\"false\" value=\"\" type=\"text\" name=\"mobitel\" \/><\/span>\n<\/p>\n<p><span class=\"wpcf7-form-control-wrap\" data-name=\"suglasnost1\"><span class=\"wpcf7-form-control wpcf7-acceptance\"><span class=\"wpcf7-list-item\"><label><input type=\"checkbox\" name=\"suglasnost1\" value=\"1\" aria-invalid=\"false\" \/><span class=\"wpcf7-list-item-label\">Dajem suglasnost Glazbenoj \u0161koli u Vara\u017edinu za prikupljanje, provjeru i obradu osobnih podataka djeteta u svrhu predbilje\u017ebe i upisa u Glazbenu \u0161kolu u Vara\u017edinu u \u0161k. god. 2025.\/2026. sukladno Zakonu o provedbi Op\u0107e uredbe o za\u0161titi podataka (NN 42\/18) kojim se osigurava provedba Uredbe (EU) 2016\/679 Europskog parlamenta i Vije\u0107a od 27.04.2016. o za\u0161titi pojedinaca u vezi s obradom osobnih podataka.<\/span><\/label><\/span><\/span><\/span>\n<\/p>\n<p><span class=\"wpcf7-form-control-wrap\" data-name=\"suglasnost2\"><span class=\"wpcf7-form-control wpcf7-acceptance\"><span class=\"wpcf7-list-item\"><label><input type=\"checkbox\" name=\"suglasnost2\" value=\"1\" aria-invalid=\"false\" \/><span class=\"wpcf7-list-item-label\">Suglasan\/suglasna sam da \u0160kola mo\u017ee provjeriti to\u010dnost mojih podataka u Ministarstvu uprave.<\/span><\/label><\/span><\/span><\/span>\n<\/p>\n<span class=\"wpcf7-form-control-wrap recaptcha\" data-name=\"recaptcha\"><span data-sitekey=\"6Lfjz7UUAAAAAP0PjFdAnzhPA1TQ9SR3lvs5d4Z2\" class=\"wpcf7-form-control wpcf7-recaptcha g-recaptcha\"><\/span>\r\n<noscript>\r\n\t<div class=\"grecaptcha-noscript\">\r\n\t\t<iframe loading=\"lazy\" src=\"https:\/\/www.google.com\/recaptcha\/api\/fallback?k=6Lfjz7UUAAAAAP0PjFdAnzhPA1TQ9SR3lvs5d4Z2\" frameborder=\"0\" scrolling=\"no\" width=\"310\" height=\"430\">\r\n\t\t<\/iframe>\r\n\t\t<textarea name=\"g-recaptcha-response\" rows=\"3\" cols=\"40\" placeholder=\"reCaptcha Response Here\">\r\n\t\t<\/textarea>\r\n\t<\/div>\r\n<\/noscript>\r\n<\/span>\n<p>&nbsp;\n<\/p>\n<p><input class=\"wpcf7-form-control wpcf7-submit has-spinner forma8\" type=\"submit\" value=\"Po\u0161alji\/Send\" \/>\n<\/p><div class=\"wpcf7-response-output\" aria-hidden=\"true\"><\/div>\n<\/form>\n<\/div>\n\n","protected":false},"excerpt":{"rendered":"<p>Pretprijave za upis u\u010denika u prvi pripremni razred glazbene \u0161kole namijenjene su kandidatima do navr\u0161enih 15 godina \u017eivota, a iznimku \u010dine temeljni predmeti: tuba, kontrabas i fagot do navr\u0161enih 18 godina \u017eivota te solo pjevanje do navr\u0161enih 20 godina za u\u010denice i solo pjevanje do navr\u0161ene 22 godine \u017eivota za u\u010denike. Upisi u pripremni razred [&hellip;]<\/p>\n","protected":false},"author":5,"featured_media":0,"parent":0,"menu_order":0,"comment_status":"closed","ping_status":"closed","template":"","meta":{"footnotes":""},"class_list":["post-6467","page","type-page","status-publish","hentry"],"translation":{"provider":"WPGlobus","version":"3.0.0","language":"gb","enabled_languages":["hr","gb"],"languages":{"hr":{"title":true,"content":true,"excerpt":false},"gb":{"title":false,"content":false,"excerpt":false}}},"_links":{"self":[{"href":"https:\/\/glazbena.hr\/gb\/wp-json\/wp\/v2\/pages\/6467","targetHints":{"allow":["GET"]}}],"collection":[{"href":"https:\/\/glazbena.hr\/gb\/wp-json\/wp\/v2\/pages"}],"about":[{"href":"https:\/\/glazbena.hr\/gb\/wp-json\/wp\/v2\/types\/page"}],"author":[{"embeddable":true,"href":"https:\/\/glazbena.hr\/gb\/wp-json\/wp\/v2\/users\/5"}],"replies":[{"embeddable":true,"href":"https:\/\/glazbena.hr\/gb\/wp-json\/wp\/v2\/comments?post=6467"}],"version-history":[{"count":6,"href":"https:\/\/glazbena.hr\/gb\/wp-json\/wp\/v2\/pages\/6467\/revisions"}],"predecessor-version":[{"id":24940,"href":"https:\/\/glazbena.hr\/gb\/wp-json\/wp\/v2\/pages\/6467\/revisions\/24940"}],"wp:attachment":[{"href":"https:\/\/glazbena.hr\/gb\/wp-json\/wp\/v2\/media?parent=6467"}],"curies":[{"name":"wp","href":"https:\/\/api.w.org\/{rel}","templated":true}]}}