{"id":7429,"date":"2020-11-24T15:04:39","date_gmt":"2020-11-24T13:04:39","guid":{"rendered":"https:\/\/glazbena.hr\/?page_id=7429"},"modified":"2020-11-24T15:24:02","modified_gmt":"2020-11-24T13:24:02","slug":"raspored-2","status":"publish","type":"page","link":"https:\/\/glazbena.hr\/gb\/raspored-2\/","title":{"rendered":"Raspored"},"content":{"rendered":"<p><a href=\"https:\/\/glazbena.hr\/wp-content\/uploads\/2020\/11\/Odjel-za-klavir-M.-Biskup.pdf\" target=\"_blank\" rel=\"noopener noreferrer\">Odjel za klavir &#8211; M. Bi\u0161kup<\/a><\/p>\n<p><a href=\"https:\/\/glazbena.hr\/wp-content\/uploads\/2020\/11\/Odjel-za-klavir-D.-Brdanovic.pdf\" target=\"_blank\" rel=\"noopener noreferrer\">Odjel za klavir &#8211; D. Br\u0111anovi\u0107<\/a><\/p>\n<p><a href=\"https:\/\/glazbena.hr\/wp-content\/uploads\/2020\/11\/Odjel-za-klavir-J.-Bontek.pdf\" target=\"_blank\" rel=\"noopener noreferrer\">Odjel za klavir &#8211; J. Bontek<\/a><\/p>\n<p><a href=\"https:\/\/glazbena.hr\/wp-content\/uploads\/2020\/11\/Odjel-za-klavir-L.-Cvrtila.pdf\" target=\"_blank\" rel=\"noopener noreferrer\">Odjel za klavir &#8211; L. Cvrtila<\/a><\/p>\n<p><a href=\"https:\/\/glazbena.hr\/wp-content\/uploads\/2020\/11\/Odjel-za-klavir-P.-Eldan.pdf\" target=\"_blank\" rel=\"noopener noreferrer\">Odjel za klavir &#8211; P. Eldan<\/a><\/p>\n<p><a href=\"https:\/\/glazbena.hr\/wp-content\/uploads\/2020\/11\/Odjel-za-klavir-I.-Godec-Vincekovic.pdf\" target=\"_blank\" rel=\"noopener noreferrer\">Odjel za klavir &#8211; I. Godec &#8211; Vincekovi\u0107<\/a><\/p>\n<p><a href=\"https:\/\/glazbena.hr\/wp-content\/uploads\/2020\/11\/Odjel-za-klavir-N.-Grabar.pdf\" target=\"_blank\" rel=\"noopener noreferrer\">Odjel za klavir &#8211; N. Grabar<\/a><\/p>\n<p><a href=\"https:\/\/glazbena.hr\/wp-content\/uploads\/2020\/11\/Odjel-za-klavir-H.-Herman.pdf\" target=\"_blank\" rel=\"noopener noreferrer\">Odjel za klavir &#8211; H. Herman<\/a><\/p>\n<p><a href=\"https:\/\/glazbena.hr\/wp-content\/uploads\/2020\/11\/Odjel-za-klavir-J.-Knapic.pdf\" target=\"_blank\" rel=\"noopener noreferrer\">Odjel za klavir &#8211; J. Knapi\u0107<\/a><\/p>\n<p><a href=\"https:\/\/glazbena.hr\/wp-content\/uploads\/2020\/11\/Odjel-za-klavir-D.-Koscak.pdf\" target=\"_blank\" rel=\"noopener noreferrer\">Odjel za klavir &#8211; D. Ko\u0161\u0107ak<\/a><\/p>\n<p><a href=\"https:\/\/glazbena.hr\/wp-content\/uploads\/2020\/11\/Odjel-za-klavir-A.-M.-Kyun.pdf\" target=\"_blank\" rel=\"noopener noreferrer\">Odjel za klavir &#8211; A. M. Kyun<\/a><\/p>\n<p><a href=\"https:\/\/glazbena.hr\/wp-content\/uploads\/2020\/11\/Odjel-za-klavir-V.-Leljak-Petkovic.pdf\" target=\"_blank\" rel=\"noopener noreferrer\">Odjel za klavir &#8211; V. Leljak Petkovi\u0107<\/a><\/p>\n<p><a href=\"https:\/\/glazbena.hr\/wp-content\/uploads\/2020\/11\/Odjel-za-klavir-D.-Ljubic.pdf\" target=\"_blank\" rel=\"noopener noreferrer\">Odjel za klavir &#8211; D. Ljubi\u0107<\/a><\/p>\n<p><a href=\"https:\/\/glazbena.hr\/wp-content\/uploads\/2020\/11\/Odjel-za-klavir-M.-Magdalenic-Baric.pdf\" target=\"_blank\" rel=\"noopener noreferrer\">Odjel za klavir &#8211; M. Magdaleni\u0107 Bari\u0107<\/a><\/p>\n<p><a href=\"https:\/\/glazbena.hr\/wp-content\/uploads\/2020\/11\/Odjel-za-klavir-D.-Oto.pdf\" target=\"_blank\" rel=\"noopener noreferrer\">Odjel za klavir &#8211; D. Oto<\/a><\/p>\n<p><a href=\"https:\/\/glazbena.hr\/wp-content\/uploads\/2020\/11\/Odjel-za-klavir-M.-Pavlovic.pdf\" target=\"_blank\" rel=\"noopener noreferrer\">Odjel za klavir &#8211; M. Pavlovi\u0107<\/a><\/p>\n<p><a href=\"https:\/\/glazbena.hr\/wp-content\/uploads\/2020\/11\/Odjel-za-klavir-M.-Slunjski.pdf\" target=\"_blank\" rel=\"noopener noreferrer\">Odjel za klavir &#8211; M. Slunjski<\/a><\/p>\n<p><a href=\"https:\/\/glazbena.hr\/wp-content\/uploads\/2020\/11\/Odjel-za-klavir-L.-Santek.pdf\" target=\"_blank\" rel=\"noopener noreferrer\">Odjel za klavir &#8211; L. \u0160antek<\/a><\/p>\n<p><a href=\"https:\/\/glazbena.hr\/wp-content\/uploads\/2020\/11\/Odjel-za-klavir-P.-Santek.pdf\" target=\"_blank\" rel=\"noopener noreferrer\">Odjel za klavir &#8211; P. \u0160antek<\/a><\/p>\n<p><a href=\"https:\/\/glazbena.hr\/wp-content\/uploads\/2020\/11\/Odjel-za-klavir-M.-Zlatarek.pdf\" target=\"_blank\" rel=\"noopener noreferrer\">Odjel za klavir &#8211; M. Zlatarek<\/a><\/p>\n","protected":false},"excerpt":{"rendered":"<p>Odjel za klavir &#8211; M. Bi\u0161kup Odjel za klavir &#8211; D. Br\u0111anovi\u0107 Odjel za klavir &#8211; J. Bontek Odjel za klavir &#8211; L. Cvrtila Odjel za klavir &#8211; P. Eldan Odjel za klavir &#8211; I. Godec &#8211; Vincekovi\u0107 Odjel za klavir &#8211; N. Grabar Odjel za klavir &#8211; H. Herman Odjel za klavir &#8211; J. [&hellip;]<\/p>\n","protected":false},"author":5,"featured_media":0,"parent":0,"menu_order":0,"comment_status":"closed","ping_status":"closed","template":"","meta":{"footnotes":""},"class_list":["post-7429","page","type-page","status-publish","hentry"],"translation":{"provider":"WPGlobus","version":"3.0.0","language":"gb","enabled_languages":["hr","gb"],"languages":{"hr":{"title":true,"content":true,"excerpt":false},"gb":{"title":false,"content":false,"excerpt":false}}},"_links":{"self":[{"href":"https:\/\/glazbena.hr\/gb\/wp-json\/wp\/v2\/pages\/7429","targetHints":{"allow":["GET"]}}],"collection":[{"href":"https:\/\/glazbena.hr\/gb\/wp-json\/wp\/v2\/pages"}],"about":[{"href":"https:\/\/glazbena.hr\/gb\/wp-json\/wp\/v2\/types\/page"}],"author":[{"embeddable":true,"href":"https:\/\/glazbena.hr\/gb\/wp-json\/wp\/v2\/users\/5"}],"replies":[{"embeddable":true,"href":"https:\/\/glazbena.hr\/gb\/wp-json\/wp\/v2\/comments?post=7429"}],"version-history":[{"count":0,"href":"https:\/\/glazbena.hr\/gb\/wp-json\/wp\/v2\/pages\/7429\/revisions"}],"wp:attachment":[{"href":"https:\/\/glazbena.hr\/gb\/wp-json\/wp\/v2\/media?parent=7429"}],"curies":[{"name":"wp","href":"https:\/\/api.w.org\/{rel}","templated":true}]}}