{"id":7491,"date":"2020-12-03T11:37:02","date_gmt":"2020-12-03T09:37:02","guid":{"rendered":"https:\/\/glazbena.hr\/?page_id=7491"},"modified":"2021-10-10T11:47:57","modified_gmt":"2021-10-10T09:47:57","slug":"2020-2021","status":"publish","type":"page","link":"https:\/\/glazbena.hr\/gb\/2020-2021\/","title":{"rendered":"2020.\/2021."},"content":{"rendered":"<p><a href=\"https:\/\/glazbena.hr\/wp-content\/uploads\/2021\/10\/20210622-Great-Masters-International-Piano-Competition-Vladimir-Horowitz-Edition-online.pdf\">22.06.2021. &#8211; Great Masters &#8211; International Piano Competition &#8211; Vladimir Horowitz Edition &#8211; online<\/a><\/p>\n<p><a href=\"https:\/\/glazbena.hr\/wp-content\/uploads\/2021\/10\/20210715-8th-International-Piano-Competition-Citta-di-San-Dona-di-Piave-Italija-online.pdf\">15.07.2021.- 8th International Piano Competition Citta di San Dona di Piave &#8211; Italija &#8211; online<\/a><\/p>\n<p><a href=\"https:\/\/glazbena.hr\/wp-content\/uploads\/2021\/08\/20210629-10th-International-Piano-Competition-Ivan-Rijavec-Slovenija-online-1.pdf\">29.06.2021. &#8211; 10th International Piano Competition Ivan Rijavec &#8211; Slovenija &#8211; online <\/a><\/p>\n<p><a href=\"https:\/\/glazbena.hr\/wp-content\/uploads\/2021\/07\/20210627-27.-medunarodno-natjecanje-Mladi-virtuozi-Zagreb-Hrvatska.pdf\">27.06.2021. &#8211; 27. me\u0111unarodno natjecanje Mladi virtuozi &#8211; Zagreb &#8211; Hrvatska<\/a><\/p>\n<p><a href=\"https:\/\/glazbena.hr\/wp-content\/uploads\/2021\/07\/20210628-Angel-Voice-Online-Edition-Beograd-Srbija-online.pdf\">28.06.2021. &#8211; Angel Voice Online Edition &#8211; Beograd &#8211; Srbija &#8211; online<\/a><\/p>\n<p><a href=\"https:\/\/glazbena.hr\/wp-content\/uploads\/2021\/07\/20210610-Violinisticko-natjecanje-Ludmilla-Weiser-Zagreb-Hrvatska-online.pdf\">10.06.2021. &#8211; Violinisti\u010dko natjecanje Ludmilla Weiser &#8211; Zagreb &#8211; Hrvatska &#8211; online<\/a><\/p>\n<p><a href=\"https:\/\/glazbena.hr\/wp-content\/uploads\/2021\/07\/20210610-International-Piano-Online-Competition-Sergei-Rachmaninoff-Tuzla-BIH-1.pdf\">10.06.2021.- International Piano Online Competition Sergei Rachmaninoff -Tuzla &#8211; BIH<\/a><\/p>\n<p><a href=\"https:\/\/glazbena.hr\/wp-content\/uploads\/2021\/07\/20210530-Medunarodno-natjecanje-za-mlade-gitariste-Kastav-strings-Kastav-Hrvatska-online.pdf\">30.05.2021. &#8211; Me\u0111unarodno natjecanje za mlade gitariste Kastav strings &#8211; Kastav &#8211; Hrvatska &#8211; online<\/a><\/p>\n<p><a href=\"https:\/\/glazbena.hr\/wp-content\/uploads\/2021\/06\/20210531-USA-Classical-Music-International-Competition-Atlanta-SAD-online.pdf\">31.05.2021. &#8211; USA Classical Music International Competition &#8211; Atlanta &#8211; SAD &#8211; online.<\/a><\/p>\n<p><a href=\"https:\/\/glazbena.hr\/wp-content\/uploads\/2021\/06\/20210606-II.-internacionalni-festival-muzike-Skala-Brcko-BiH-online.pdf\" target=\"_blank\" rel=\"noopener noreferrer\">06.06.2021. &#8211; II. internacionalni festival muzike Skala &#8211; Br\u010dko &#8211; BiH &#8211; online<\/a><\/p>\n<p><a href=\"https:\/\/glazbena.hr\/wp-content\/uploads\/2021\/06\/20210601-International-Moscow-Music-Competition-IMMC-Moskva-Rusija-Online.pdf\" target=\"_blank\" rel=\"noopener noreferrer\">01.06.2021. &#8211; International Moscow Music Competition IMMC &#8211; Moskva &#8211; Rusija &#8211; Online<\/a><\/p>\n<p><a href=\"https:\/\/glazbena.hr\/wp-content\/uploads\/2021\/06\/20210530-Medunarodno-natjecanje-za-mlade-klaviriste-Una-Corda-Kastav-Hrvatska-online.pdf\" target=\"_blank\" rel=\"noopener noreferrer\">30.05.2021. &#8211; Me\u0111unarodno natjecanje za mlade klaviriste Una Corda &#8211; Kastav &#8211; Hrvatska &#8211; online<\/a><\/p>\n<p><a href=\"https:\/\/glazbena.hr\/wp-content\/uploads\/2021\/06\/20210531-10.-medunarodno-Korosko-klavirsko-natjecanje-2021-Radlje-ob-Dravi-Slovenija.pdf\" target=\"_blank\" rel=\"noopener noreferrer\">31.05.2021. &#8211; 10. me\u0111unarodno Koro\u0161ko klavirsko natjecanje 2021 &#8211; Radlje ob Dravi &#8211; Slovenija<\/a><\/p>\n<p><a href=\"https:\/\/glazbena.hr\/wp-content\/uploads\/2021\/06\/20210525-VIII.-medunarodno-pijanisticko-takmicenje-Smederevo-Srbija-online.pdf\" target=\"_blank\" rel=\"noopener noreferrer\">25.05.2021. &#8211; VIII. me\u0111unarodno pijanisti\u010dko takmi\u010denje Smederevo &#8211; Srbija &#8211; online<\/a><\/p>\n<p><a href=\"https:\/\/glazbena.hr\/wp-content\/uploads\/2021\/06\/20210524-Online-muzicko-takmicenje-Accordeus-Sarajevo-BIH.pdf\" target=\"_blank\" rel=\"noopener noreferrer\">24.05.2021. &#8211; Online muzi\u010dko takmi\u010denje Accordeus &#8211; Sarajevo &#8211; BIH<\/a><\/p>\n<p><a href=\"https:\/\/glazbena.hr\/wp-content\/uploads\/2021\/06\/20210523-7.-festival-pijanizma-Sremska-Mitrovica-Srbija.pdf\" target=\"_blank\" rel=\"noopener noreferrer\">23.05.2021. &#8211; 7. festival pijanizma &#8211; Sremska Mitrovica &#8211; Srbija<\/a><\/p>\n<p><a href=\"https:\/\/glazbena.hr\/wp-content\/uploads\/2021\/06\/20210523-International-Piano-Competition-Mozart-online.pdf\" target=\"_blank\" rel=\"noopener noreferrer\">23.05.2021. &#8211; International Piano Competition Mozart &#8211; online<\/a><\/p>\n<p><a href=\"https:\/\/glazbena.hr\/wp-content\/uploads\/2021\/06\/20210514-11.-hrvatsko-natjecanje-za-harmoniku-Daruvar-Hrvatska-online.pdf\" target=\"_blank\" rel=\"noopener noreferrer\">14.05.2021. &#8211; 11. hrvatsko natjecanje za harmoniku &#8211; Daruvar &#8211; Hrvatska &#8211; online<\/a><\/p>\n<p><a href=\"https:\/\/glazbena.hr\/wp-content\/uploads\/2021\/06\/20210423-International-Music-Competition-Opus-2021-Krakow-Poljska-online.pdf\" target=\"_blank\" rel=\"noopener noreferrer\">23.04.2021. &#8211; International Music Competition Opus 2021 &#8211; Krakow &#8211; Poljska &#8211; online<\/a><\/p>\n<p><a href=\"https:\/\/glazbena.hr\/wp-content\/uploads\/2021\/05\/20210513-8.-medunarodno-mjesovito-solisticko-i-komorno-natjecanje-svih-glazbenika-Bistricki-zvukolik-2021.-Marija-Bistrica-i-Dugo-Selo-Hrvatska.pdf\" target=\"_blank\" rel=\"noopener noreferrer\">13.05.2021. &#8211; 8. me\u0111unarodno mje\u0161ovito solisti\u010dko i komorno natjecanje svih glazbenika Bistri\u010dki zvukolik 2021.- Marija Bistrica i Dugo Selo &#8211; Hrvatska<\/a><\/p>\n<p><a href=\"https:\/\/glazbena.hr\/wp-content\/uploads\/2021\/05\/20210510-Czech-Accordion-Online-Competiton-2021-Ceska.pdf\" target=\"_blank\" rel=\"noopener noreferrer\">10.05.2021. &#8211; Czech Accordion Online Competiton 2021 &#8211; \u010ce\u0161ka<\/a><\/p>\n<p><a href=\"https:\/\/glazbena.hr\/wp-content\/uploads\/2021\/05\/20210509-9th-International-Singing-Competition-Lav-Mirski-Osijek-Hrvatska-online.pdf\" target=\"_blank\" rel=\"noopener noreferrer\">09.05.2021. &#8211; 9th International Singing Competition Lav Mirski &#8211; Osijek &#8211; Hrvatska &#8211; online.<\/a><\/p>\n<p><a href=\"https:\/\/glazbena.hr\/wp-content\/uploads\/2021\/05\/20210508-IMMCC-International-Music-Competition-and-MasterClass-Maribor-2021-Maribor-Slovenija.pdf\">08.05.2021. &#8211; IMMCC &#8211; International Music Competition and MasterClass Maribor 2021 &#8211; Maribor &#8211; Slovenija<\/a><\/p>\n<p><a href=\"https:\/\/glazbena.hr\/wp-content\/uploads\/2021\/05\/20210512-IV.-International-Distance-Competition-\u2033Daina-miestui\u2033-Litva-online.pdf\" target=\"_blank\" rel=\"noopener noreferrer\">12.05.2021. &#8211; IV. International Distance Competition \u2033Daina miestui\u2033 &#8211; Litva &#8211; online<\/a><\/p>\n<p><a href=\"https:\/\/glazbena.hr\/wp-content\/uploads\/2021\/05\/20210509-15.-medunarodno-natjecanje-harmonikasa-PannoniAccordion-Murska-Sobota-Slovenija-online.pdf\" target=\"_blank\" rel=\"noopener noreferrer\">09.5.2021. &#8211; 15. me\u0111unarodno natjecanje harmonika\u0161a PannoniAccordion &#8211; Murska Sobota &#8211; Slovenija &#8211; online<\/a><\/p>\n<p><a href=\"https:\/\/glazbena.hr\/wp-content\/uploads\/2021\/05\/20210509-Orbetello-Junior-International-Piano-Competition-online-edition-1.pdf\" target=\"_blank\" rel=\"noopener noreferrer\">09.05.2021. &#8211; Orbetello Junior International Piano Competition &#8211; online edition<\/a><\/p>\n<p><a href=\"https:\/\/glazbena.hr\/wp-content\/uploads\/2021\/07\/20210505-World-Open-Online-Music-Competition-Beograd-Srbija.pdf\">05.05.2021. &#8211; World Open Online Music Competition &#8211; Beograd &#8211; Srbija<\/a><\/p>\n<p><a href=\"https:\/\/glazbena.hr\/wp-content\/uploads\/2021\/05\/20210430-Medunarodno-natjecanje-solo-pjevaca-Angel-Classic-Voice-Beograd-Srbija-online.pdf\">30.04.2021. &#8211; Me\u0111unarodno natjecanje solo pjeva\u010da Angel Classic Voice &#8211; Beograd &#8211; Srbija &#8211; online<\/a><\/p>\n<p><a href=\"https:\/\/glazbena.hr\/wp-content\/uploads\/2021\/05\/20210425-AccordionFest-2021.-Varazdin-Hrvatska-online.xls.pdf\" target=\"_blank\" rel=\"noopener noreferrer\">25.04.2021. &#8211; AccordionFest 2021. &#8211; Vara\u017edin &#8211; Hrvatska &#8211; online.xls<\/a><\/p>\n<p><a href=\"https:\/\/glazbena.hr\/wp-content\/uploads\/2021\/04\/20210418-7.-medunarodno-natjecanje-iz-teorijskih-predmeta-Srbija-Beograd-online.pdf\">18.04.2021.- 7. me\u0111unarodno natjecanje iz teorijskih predmeta &#8211; Srbija &#8211; Beograd &#8211; online<\/a><\/p>\n<p><a href=\"https:\/\/glazbena.hr\/wp-content\/uploads\/2021\/04\/20210415-IMMCC-medunarodno-natjecanje-za-solo-pjevace-Maribor-Slovenija-online.pdf\">15.04.2021.- IMMCC me\u0111unarodno natjecanje za solo pjeva\u010de &#8211; Maribor &#8211; Slovenija &#8211; online<\/a><\/p>\n<p><a href=\"https:\/\/glazbena.hr\/wp-content\/uploads\/2021\/04\/20210331-XII.-Chopin-International-Piano-Competition-online-Hartford-CT.pdf\">31.03.2021. &#8211; XII. Chopin International Piano Competition &#8211; online &#8211; Hartford, CT<\/a><\/p>\n<p><a href=\"https:\/\/glazbena.hr\/wp-content\/uploads\/2021\/04\/20210411-7th-International-Solfeggio-Competition-Srbija-online.pdf\">11.04.2021.- 7th International Solfeggio Competition &#8211; Srbija &#8211; online<\/a><\/p>\n<p><a href=\"https:\/\/glazbena.hr\/wp-content\/uploads\/2021\/04\/20210328-Piccolo-Piano-Talents-Sremska-Mitrovica-Srbija-online.pdf\">28.03.2021.- Piccolo Piano Talents &#8211; Sremska Mitrovica &#8211; Srbija &#8211; online<\/a><\/p>\n<p><a href=\"https:\/\/glazbena.hr\/wp-content\/uploads\/2021\/04\/20210321-International-Piano-Competition-Citta-di-Arona-Online-Special-Edition.pdf\">21.03.2021. &#8211; International Piano Competition \u201cCitt\u00e0 di Arona\u201d &#8211; Online Special Edition<\/a><\/p>\n<p><a href=\"https:\/\/glazbena.hr\/wp-content\/uploads\/2021\/04\/20210321-Medunarodno-natjecanje-mladih-glazbenika-Sonus-op.6-Krizevci-Hrvatska.xls.pdf\">21.03.2021. &#8211; Me\u0111unarodno natjecanje mladih glazbenika Sonus op.6 -Kri\u017eevci &#8211; Hrvatska.xls<\/a><\/p>\n<p><a href=\"https:\/\/glazbena.hr\/wp-content\/uploads\/2021\/03\/20210316-VII.-Tambura-Instrumental-Festival-medunarodno-takmicenje-tamburasa-online-Subotica-Srbija.pdf\">16.03.2021. &#8211; VII. Tambura Instrumental Festival &#8211; me\u0111unarodno takmi\u010denje tambura\u0161a &#8211; online &#8211; Subotica &#8211; Srbija<\/a><\/p>\n<p><a href=\"https:\/\/glazbena.hr\/wp-content\/uploads\/2021\/03\/20210228-Glasbena-cipka-iz-Idrije-online.pdf\">28.02.2021. &#8211; Glasbena \u010dipka iz Idrije &#8211; online<\/a><\/p>\n<p><a href=\"https:\/\/glazbena.hr\/wp-content\/uploads\/2021\/03\/20210310-PaMus-Flow-Global-Competition-ONLINE.pdf\">10.03.2021. &#8211; PaMus Flow Global Music Competition Online<\/a><\/p>\n<p><a href=\"https:\/\/glazbena.hr\/wp-content\/uploads\/2021\/02\/20210110-VI-Odin-International-Music-Online-Competition-2021.xls.pdf\">10.01.2021. &#8211; VI Odin International Music Online Competition 2021.xls<\/a><\/p>\n<p><a href=\"https:\/\/glazbena.hr\/wp-content\/uploads\/2021\/01\/20201215-Danubia-Talents-International-Music-Competition-ONLINE-2020.pdf\">15.12.2020. &#8211; Danubia Talents International Music Competition Online 2020<\/a><\/p>\n<p><a href=\"https:\/\/glazbena.hr\/wp-content\/uploads\/2020\/10\/20201023-International-Music-MasterClass-and-Competition-Maribor-2020-online-Maribor-Slovenija.pdf\">23.10.2020. &#8211; International Music MasterClass and Competition Maribor 2020. online &#8211; Maribor &#8211; Slovenija<\/a><\/p>\n<p><a href=\"https:\/\/glazbena.hr\/wp-content\/uploads\/2020\/10\/20201018-8.-medunarodno-pjevacko-natjecanje-Lav-Mirski-Osijek-Hrvatska.pdf\">18.10.2020.- 8. me\u0111unarodno pjeva\u010dko natjecanje Lav Mirski &#8211; Osijek &#8211; Hrvatska<\/a><\/p>\n","protected":false},"excerpt":{"rendered":"<p>22.06.2021. &#8211; Great Masters &#8211; International Piano Competition &#8211; Vladimir Horowitz Edition &#8211; online 15.07.2021.- 8th International Piano Competition Citta di San Dona di Piave &#8211; Italija &#8211; online 29.06.2021. &#8211; 10th International Piano Competition Ivan Rijavec &#8211; Slovenija &#8211; online 27.06.2021. &#8211; 27. me\u0111unarodno natjecanje Mladi virtuozi &#8211; Zagreb &#8211; Hrvatska 28.06.2021. &#8211; Angel [&hellip;]<\/p>\n","protected":false},"author":5,"featured_media":0,"parent":0,"menu_order":0,"comment_status":"closed","ping_status":"closed","template":"","meta":{"footnotes":""},"class_list":["post-7491","page","type-page","status-publish","hentry"],"translation":{"provider":"WPGlobus","version":"3.0.0","language":"gb","enabled_languages":["hr","gb"],"languages":{"hr":{"title":true,"content":true,"excerpt":false},"gb":{"title":false,"content":false,"excerpt":false}}},"_links":{"self":[{"href":"https:\/\/glazbena.hr\/gb\/wp-json\/wp\/v2\/pages\/7491","targetHints":{"allow":["GET"]}}],"collection":[{"href":"https:\/\/glazbena.hr\/gb\/wp-json\/wp\/v2\/pages"}],"about":[{"href":"https:\/\/glazbena.hr\/gb\/wp-json\/wp\/v2\/types\/page"}],"author":[{"embeddable":true,"href":"https:\/\/glazbena.hr\/gb\/wp-json\/wp\/v2\/users\/5"}],"replies":[{"embeddable":true,"href":"https:\/\/glazbena.hr\/gb\/wp-json\/wp\/v2\/comments?post=7491"}],"version-history":[{"count":37,"href":"https:\/\/glazbena.hr\/gb\/wp-json\/wp\/v2\/pages\/7491\/revisions"}],"predecessor-version":[{"id":16946,"href":"https:\/\/glazbena.hr\/gb\/wp-json\/wp\/v2\/pages\/7491\/revisions\/16946"}],"wp:attachment":[{"href":"https:\/\/glazbena.hr\/gb\/wp-json\/wp\/v2\/media?parent=7491"}],"curies":[{"name":"wp","href":"https:\/\/api.w.org\/{rel}","templated":true}]}}