{"id":883,"date":"2018-07-12T12:45:53","date_gmt":"2018-07-12T12:45:53","guid":{"rendered":"http:\/\/melody.ancorathemes.com\/?page_id=883"},"modified":"2018-10-14T21:44:55","modified_gmt":"2018-10-14T19:44:55","slug":"privacy-policy","status":"publish","type":"page","link":"https:\/\/glazbena.hr\/gb\/privacy-policy\/","title":{"rendered":"Privacy Policy"},"content":{"rendered":"<h5>POLITIKA PRIVATNOSTI GLAZBENE \u0160KOLE U VARA\u017dDINU<\/h5>\n<h6>Politika privatnosti<\/h6>\n<p>Donosimo sljede\u0107u politiku privatnosti gdje \u0107emo objasniti kada, za\u0161to i kako prikupljamo osobne podatke od osoba koje posjete na\u0161u web stranicu ili koje tra\u017ee da ih kontaktiramo ili nas kontaktiraju na bilo koji na\u010din.<br \/>\nOva pravila navode i uvjete pod kojima mo\u017eemo otkriti te podatke drugima i na koji na\u010din se brinemo o njihovoj sigurnosti.<\/p>\n<h6>1. PODACI KOJE PRIKUPLJAMO I NA\u010cELA NA KOJIMA TEMELJIMO SVOJU OBRADU<\/h6>\n<p>Ukoliko samo pregledavate na\u0161u web stranicu tada prikupljamo osobne podatke u obliku va\u0161e IP adrese. Takve osobne podatke prikupljamo, sukladno GDPR-u, zbog sigurnosnih razloga poput spre\u010davanja hakiranja, prijevara i sli\u010dno.<br \/>\nVa\u0161e osobne podatke ne prikupljamo kada posjetite ovu web stranicu, osim ako dobrovoljno ne po\u0161aljete podatke putem jednog od dostupnih obrazaca za odre\u0111enu svrhu (obrazac za donaciju, alumni obrazac, obrazac za prijavu na newsletter) i time dajete Va\u0161u privolu na prikupljanje i kori\u0161tenje va\u0161ih osobnih podataka u navedene svrhe. Svi osobni podaci koriste se isklju\u010divo u svrhe radi koje su prikupljeni i za koje je dana privola.<br \/>\nVa\u0161e osobne podatke ne prodajemo.<br \/>\nVa\u0161e osobne podatke nikada ne dijelimo s tre\u0107om osobom u svrhe promid\u017ebe tre\u0107e osobe.<br \/>\nPrikupljene podatke ne\u0107emo ni na koji na\u010din u\u010diniti dostupnima neovla\u0161tenim tre\u0107im osobama, osim u zakonom propisanu svrhu. Svi podaci se bri\u0161u nakon prestanka svrhe za koju su prikupljeni, odnosno prestankom ugovornog odnosa, a najkasnije po isteku svih zakonskih obveza povezanih s \u010duvanjem osobnih podataka.<\/p>\n<h6>2. KOLA\u010cI\u0106I (COOKIES)<\/h6>\n<p>Kola\u010di\u0107 je datoteka koja se sprema na Va\u0161em ra\u010dunalu ili mobilnom ure\u0111aju kad posjetite odre\u0111eno web mjesto. Pomo\u0107u kola\u010di\u0107a pamte se va\u0161e radnje i postavke tijekom odre\u0111enog razdoblja.<br \/>\nNastavkom kori\u0161tenja na\u0161e web stranice dajete privolu za uporabu kola\u010di\u0107a.<br \/>\nKola\u010di\u0107e isto tako mo\u017eete blokirati, me\u0111utim ako postavke svog internetskog preglednika postavite tako da blokiraju sve kola\u010di\u0107e mo\u017eda Vam ne\u0107e biti dopu\u0161ten pristup svim ili nekim dijelovima na\u0161e web stranice.<\/p>\n<h6>3. GDJE POHRANJUJEMO I OBRA\u0110UJEMO VA\u0160E OSOBNE PODATKE?<\/h6>\n<p>Va\u0161e osobne podatke pohranjujemo na vlastitim poslu\u017eiteljima u svome vlastitom prostoru u Republici Hrvatskoj.<br \/>\nUkoliko se neka od udruga s kojima sura\u0111ujemo radi za\u0161tite izvo\u0111a\u010dkih prava nalazi izvan teritorija Europskog gospodarskog prostora, mi \u0107emo poduzeti sve potrebne mjere kako bi Va\u0161i osobni podaci bili sigurni i tretirani u skladu s ovom politikom privatnosti i Op\u0107om uredbom o za\u0161titi osobnih podataka.<br \/>\nSlanjem svojih osobnih podataka, dajete privolu za obradu tih podataka i izvan granica Europskog gospodarskog prostora.<\/p>\n<h6>4. KAKO \u0160TITIMO VA\u0160E OSOBNE PODATKE?<\/h6>\n<p>Svi podaci prikupljeni fizi\u010dkim putem (privole, ugovori i druga za rad potrebna dokumentacija) pohranjuju se u skladu s odgovaraju\u0107im standardima sigurnosti.<\/p>\n<h6>5. KOLIKO DUGO \u010cUVAMO VA\u0160E OSOBNE PODATKE?<\/h6>\n<p>Uzimaju\u0107i u obzir svrhu prikupljanja podataka, Glazbena \u0161kola u Vara\u017edinu Va\u0161e podatke \u010duva onoliko koliko je to predvi\u0111eno odre\u0111enim pozitivnim propisom va\u017ee\u0107im na teritoriju Republike Hrvatske ili Pravilnikom o \u010duvanju dokumenata kao i dodatne 3 godine roka za zastaru potra\u017eivanja naknade. Istekom spomenutih rokova \u010duvanja Va\u0161e osobne podatke bri\u0161emo. U svakom trenutku mo\u017eete zatra\u017eiti brisanje podataka na email <a href=\"mailto:info@glazbena.hr\" target=\"_blank\" rel=\"noopener\">info@glazbena.hr<\/a>.<\/p>\n<h6>6. DJELJENJE OSOBNIH PODATAKA<\/h6>\n<p>S obzirom na djelatnosti Glazbene \u0161kole u Vara\u017edinu, Va\u0161e osobne podatke dijelimo sa na\u0161im izvr\u0161iteljima obrade, umjetni\u010dkim organizacijama s kojima sura\u0111ujemo u sklopu organiziranja koncerata i glazbeno-scenskih priredbi, seminara i predavanja za potrebe Glazbene \u0161kole u Vara\u017edinu, Grada Vara\u017edina te drugih glazbenih udruga s podru\u010dja Grada i \u017dupanije. Glazbena \u0161kola u Vara\u017edinu ima sa svima njima zaklju\u010dene odgovaraju\u0107e ugovore koji sadr\u017ee odredbe o za\u0161titi osobnih podataka.<\/p>\n<h6>7. AUTORSKA PRAVA<\/h6>\n<p>Internetska stranica Glazbene \u0161kole u Vara\u017edinu sadr\u017ei informacije, tekstove , fotografije i druge informacije koje su za\u0161ti\u0107ene autorskim pravom ili drugim intelektualnim pravima u vlasni\u0161tvu Glazbene \u0161kole u Vara\u017edinu ili tre\u0107ih strana. Sadr\u017eaj mo\u017eete preuzimati isklju\u010divo za osobne potrebe u nekomercijalne svrhe, ali nisu dopu\u0161tene promjene ili daljnja reprodukcija sadr\u017eaja bez dopu\u0161tenja Glazbene \u0161kole u Vara\u017edinu.<\/p>\n<h6>8. NEWSLETTER<\/h6>\n<p>Samo ako imamo Va\u0161u izri\u010ditu privolu \u0161aljemo newsletter e-po\u0161tom. Danu privolu mo\u017eete u bilo kojem trenutku i opozvati tako da kliknete na poveznicu za odjavu.<\/p>\n<h6>9. OTKRIVANJE VA\u0160IH OSOBNIH PODATAKA<\/h6>\n<p>Glazbena \u0161kola u Vara\u017edinu podijelit \u0107e ili otkriti Va\u0161e osobne podatke samo kako bi ispunila neku zakonsku obvezu ili kako bi ostvarila svoja ili Va\u0161a prava ili osigurala sigurnost. To uklju\u010duje razmjenu informacija s tijelima javne vlasti uklju\u010duju\u0107i sudska tijela i organizacije za spre\u010davanje informacijskih prijevara.<\/p>\n<h6>10. VANJSKE POVEZNICE<\/h6>\n<p>Na svojoj web stranici www.glazbena.hr Glazbena \u0161kola u Vara\u017edinu mo\u017ee postaviti poveznice svojih poslovnih partnera. Kada slijedite bilo koju od tih stranica, imajte u vidu da se na te web stranice primjenjuju njihova vlastita pravila o sigurnosti te da Glazbena \u0161kola u Vara\u017edinu nema nikakvu odgovornost vezano uz ta pravila.<\/p>\n<h6>11. VA\u0160A PRAVA PREMA UREDBI<\/h6>\n<p>Na\u0161i korisnici u svakom trenutku imaju sljede\u0107a prava prema OUZP-u od 25. svibnja 2018.:<\/p>\n<ul>\n<li>pravo na pristup podacima i uvid u podatke<\/li>\n<li>pravo na informiranost o obradi osobnih podataka<\/li>\n<li>pravo na povla\u010denje privole<\/li>\n<li>pravo na podno\u0161enje prigovora<\/li>\n<li>pravo na ispravak i promjenu osobnih podataka u slu\u010daju ako su podaci nepotpuni ili neto\u010dni<\/li>\n<\/ul>\n<h6>12. KAKO NAS MO\u017dETE KONTAKTIRATI<\/h6>\n<p>Zahtjeve vezane uz ova Pravila o privatnosti mo\u017eete ostvariti na sljede\u0107e na\u010dine:<\/p>\n<ul>\n<li>putem e- maila <a href=\"mailto:tajnistvo@glazbena.hr\" target=\"_blank\" rel=\"noopener\">tajnistvo@glazbena.hr<\/a><\/li>\n<li>radnim danom od 7:00 do 15:00 na broj telefona 042\/200-940<\/li>\n<li>te putem po\u0161te na adresu Kapucinski trg 8, 42 000 Vara\u017edin<\/li>\n<\/ul>\n<h6>13. NADZORNO TIJELO<\/h6>\n<p>Ukoliko niste zadovoljni na\u010dinom na koji rukujemo Va\u0161im osobnim podacima imate pravo kontaktirati Agenciju za za\u0161titu osobnih podataka (AZOP).<br \/>\nPristupom i kori\u0161tenjem ovih internet stranica prihva\u0107ate i podvrgavate se hrvatskom materijalnom pravu kao isklju\u010divo mjerodavnom za tuma\u010denje, primjenu i pravne u\u010dinke svih dopu\u0161tenja, isklju\u010denja, i uvjeta upotrebe. Za sve zahtjeve i sporove koji nastanu kao rezultat upotrebe web stranica Glazbene \u0161kole u Vara\u017edinu ili u vezi s njima isklju\u010divo su nadle\u017eni Hrvatski sudovi.<\/p>\n<p>Ova politika stupa na snagu dana 25. svibnja 2018.<\/p>\n","protected":false},"excerpt":{"rendered":"<p>POLITIKA PRIVATNOSTI GLAZBENE \u0160KOLE U VARA\u017dDINU Politika privatnosti Donosimo sljede\u0107u politiku privatnosti gdje \u0107emo objasniti kada, za\u0161to i kako prikupljamo osobne podatke od osoba koje posjete na\u0161u web stranicu ili koje tra\u017ee da ih kontaktiramo ili nas kontaktiraju na bilo koji na\u010din. Ova pravila navode i uvjete pod kojima mo\u017eemo otkriti te podatke drugima i [&hellip;]<\/p>\n","protected":false},"author":11,"featured_media":0,"parent":0,"menu_order":0,"comment_status":"closed","ping_status":"closed","template":"","meta":{"footnotes":""},"class_list":["post-883","page","type-page","status-publish","hentry"],"translation":{"provider":"WPGlobus","version":"3.0.0","language":"gb","enabled_languages":["hr","gb"],"languages":{"hr":{"title":true,"content":true,"excerpt":false},"gb":{"title":false,"content":false,"excerpt":false}}},"_links":{"self":[{"href":"https:\/\/glazbena.hr\/gb\/wp-json\/wp\/v2\/pages\/883","targetHints":{"allow":["GET"]}}],"collection":[{"href":"https:\/\/glazbena.hr\/gb\/wp-json\/wp\/v2\/pages"}],"about":[{"href":"https:\/\/glazbena.hr\/gb\/wp-json\/wp\/v2\/types\/page"}],"author":[{"embeddable":true,"href":"https:\/\/glazbena.hr\/gb\/wp-json\/wp\/v2\/users\/11"}],"replies":[{"embeddable":true,"href":"https:\/\/glazbena.hr\/gb\/wp-json\/wp\/v2\/comments?post=883"}],"version-history":[{"count":0,"href":"https:\/\/glazbena.hr\/gb\/wp-json\/wp\/v2\/pages\/883\/revisions"}],"wp:attachment":[{"href":"https:\/\/glazbena.hr\/gb\/wp-json\/wp\/v2\/media?parent=883"}],"curies":[{"name":"wp","href":"https:\/\/api.w.org\/{rel}","templated":true}]}}