{"id":915,"date":"2018-08-31T08:59:38","date_gmt":"2018-08-31T08:59:38","guid":{"rendered":"https:\/\/glazbena.hr\/wp\/?page_id=915"},"modified":"2023-07-27T17:37:43","modified_gmt":"2023-07-27T16:37:43","slug":"palaca-erdody","status":"publish","type":"page","link":"https:\/\/glazbena.hr\/gb\/erdody-patacic-palace\/","title":{"rendered":"Erd\u00f6dy-Pata\u010di\u0107 Palace"},"content":{"rendered":"<p>[vc_row][vc_column][vc_column_text]<\/p>\n<h4>Pala\u010da Erd\u00f6dy-Pata\u010di\u0107<\/h4>\n<p>Erd\u00f6dy-Pata\u010di\u0107 Palace is a one-storey building situated on the west corner of the square with a fa\u00e7ade facing east. It was built in the second half of the 18th century and is considered one of the best proportioned buildings of the Baroque Era in north-west Croatia during the reign of Maria Theresa, with an L-shaped layout. There are 17 window axes on the 1st floor, with the 1st and the 2nd, as well as the 13th and 14th laid in two lateral avant-corps, whereas the 7th, the 8th and the 9th axes are in the more emphasized middle section. The stone portal is lavishly decorated. The lateral avant-corps have triangular gables, whereas the middle avant-corps has a semi-circular one. The wall face of the ground floor has horizontal rustic finishing. The ground floor windows have plainly profiled frames. The cordon cornice divides the ground floor from the first floor, which is again divided in fields by pilasters. The first floor windows are tall rectangles with simple frames, prominent window sills, adorned with parapets and with three types of lintels: semi-circular, segmental and broken. The roof cornice extending to both facades is profiled.<img loading=\"lazy\" decoding=\"async\" class=\"alignright wp-image-4554\" src=\"https:\/\/glazbena.hr\/wp-content\/uploads\/2019\/10\/patacic-erdody-768x513-300x200.jpg\" alt=\"\" width=\"500\" height=\"334\" srcset=\"https:\/\/glazbena.hr\/wp-content\/uploads\/2019\/10\/patacic-erdody-768x513-300x200.jpg 300w, https:\/\/glazbena.hr\/wp-content\/uploads\/2019\/10\/patacic-erdody-768x513.jpg 768w\" sizes=\"auto, (max-width: 500px) 100vw, 500px\" \/><br \/>\nThere are eight axes on the ground floor and the 1st floor of the south fa\u00e7ade. The ground floor windows in the 1st and 8th axes are walled in. The fa\u00e7ade of the 1st floor, in the 6th and 8th axes, follows the style of the main fa\u00e7ade, only that all the 1st floor lintels are semi-circular, and all the parapets have rectangular lining. A baroque mace has been preserved on the south-east corner of the ridge.The layout of the rooms with arched ground floor has been preserved. During the reconstruction in 1960 the big original stone columns in the great ground floor hall were covered with a coarse gravel mosaic.<br \/>\nWissert wrote about the palace as follows: <em>&#8220;Marija Magdalena, Countess of N\u00e4dasy-Dra\u0161kovi\u0107, bought the land in 1700 to build a Capuchin monastery. A Gatthany is mentioned as her neighbour to the north. Can it be a typo, shouldn\u2019t it be Batthiany?<\/em><br \/>\n<em>Later the Erd\u00f6dy family inherited a house in Vara\u017edin from Batthiany, but it is still not known where its precise location was. It may have been on the site where the Zrinjski army barracks used to be? It has always been thought to belong to the Counts of Pata\u010di\u0107. The information should now be rectified. It was built by the Erd\u00f6dy family. It served them as a representative house at the time when many of our nobility had houses in the town. In 1810 Count Ivan Erd\u00f6dy sold the house for 16.000 fl. to nobleman Franjo Bedekovich, the court clerk, and to Count Fridrik Pata\u010di\u0107. The latter took possession of it and as he was the last of his line, the house became part of the Pata\u010di\u0107 family estate.<\/em><br \/>\nThe last of the Pata\u010di\u0107 line was Eleonora, the widow of Ivan Pata\u010di\u0107, who died in 1834. She appointed nobleman Antun Kukuljevi\u0107-Sakcinski to be the executor of the will, and the manager of the Foundation. However, he politely declined, so the management was entrusted to the county treasurer. The estate, which consisted of two palaces in Vara\u017edin and part of the Foundation, was sold at a public auction in 1860. Erd\u00f6dy-Pata\u010di\u0107 Palace on Kapucinski Square was also sold then. It was bought by the municipality to provide lodging for soldiers. The palace had been used for this purpose until 1945, when it became the Yugoslav National Army House.<br \/>\nIn 1850 the conversion and extension plan to convert the palace into army barracks was drawn up by Bogomir Siegret, assisted by Franjo Arnold and Franjo Graguschnika.*<\/p>\n<p>Documents on reconstruction of the courtyard building, used by Caritas until recently, landscaping and energy renovation of the whole block are being drafted.<\/p>\n<p>The building area covers 3,200 m\u00b2.<\/p>\n<p>The building contains:<br \/>\n2 concert halls<br \/>\n13 piano classrooms<br \/>\n10 wind instruments classrooms<br \/>\n6 string instruments classrooms<br \/>\n5 guitar classrooms<br \/>\n3 accordion classrooms<br \/>\n2 voice classrooms<br \/>\n7 music theory classrooms<br \/>\n4 general education subjects classrooms<br \/>\n5 administration rooms.<\/p>\n<p>OWNERS<\/p>\n<p>1700 &#8211; A Gatthyan is mentioned as a northern neighbour of the land bought by Countess Marija Magdalena<br \/>\ngrofica Nadasdy-Dra\u0161kovi\u0107 for the purpose of building a Capuchin monastery. It may have been a typo.<br \/>\nPerhaps Batthiany should have been written instead.<br \/>\n18th century &#8211; The Erd\u00f6dy Family inherits a house in Vara\u017edin from Batthiany.<br \/>\nIt may have been the previously mentioned house.<br \/>\nSecond half of the 18th century &#8211; The Erd\u00f6dy family builds a Theresian baroque palace.<br \/>\n1810 &#8211; The owner of the palace is Count Ivan Erd\u00f6dy.<br \/>\n1810 &#8211; The palace is sold by Count Ivan Erd\u00f6dy to Count Fridrik Pata\u010di\u0107 and nobleman Franjo Bedekovi\u0107.<br \/>\nAfter 1810 the palace becomes the property of Fridrik Pata\u010di\u0107.<br \/>\nBefore 1834 the palace becomes the property of Countess Eleonora, the last of the Pata\u010di\u0107 family,<br \/>\nthe widow of Count Ivan.<br \/>\n1834 &#8211; Countess Eleonora Pata\u010di\u0107 dies.<br \/>\n1834-1860 &#8211; The palace becomes part of the Eleonora Pata\u010di\u0107 Foundation run by the county<br \/>\ntreasurer from 1834 to 1860.<br \/>\n1860 &#8211; Erd\u00f6dy-Pata\u010di\u0107 Palace is bought at a public auction by the Vara\u017edin Municipality to<br \/>\nprovide lodging for army troops.<br \/>\n1860 -1945 &#8211; The palace is used as army barracks (Zrinski Army Barracks).<br \/>\nAfter 1945 the palace becomes the Yugoslav National Army House.<br \/>\n1990 &#8211; The palace becomes the property of the Croatian Army.<br \/>\n1994 &#8211; The Vara\u017edin School of Music is allowed to use a concert hall and one classroom.<br \/>\n1997 &#8211; The palace becomes the property of the Vara\u017edin School of Music.<\/p>\n<p><em>\u2022 Source: Ivy Lenti\u0107 Kugli: Buildings of the Historic Center of Vara\u017edin, p. 184, 185<\/em><\/p>\n<p><img loading=\"lazy\" decoding=\"async\" class=\"alignnone wp-image-2200 size-full\" src=\"https:\/\/glazbena.hr\/wp-content\/uploads\/2018\/10\/patacic-erdody-2.jpg\" alt=\"\" width=\"1170\" height=\"780\" srcset=\"https:\/\/glazbena.hr\/wp-content\/uploads\/2018\/10\/patacic-erdody-2.jpg 1170w, https:\/\/glazbena.hr\/wp-content\/uploads\/2018\/10\/patacic-erdody-2-300x200.jpg 300w, https:\/\/glazbena.hr\/wp-content\/uploads\/2018\/10\/patacic-erdody-2-768x512.jpg 768w, https:\/\/glazbena.hr\/wp-content\/uploads\/2018\/10\/patacic-erdody-2-1024x683.jpg 1024w\" sizes=\"auto, (max-width: 1170px) 100vw, 1170px\" \/>[\/vc_column_text][\/vc_column][\/vc_row]<\/p>\n","protected":false},"excerpt":{"rendered":"<p>[vc_row][vc_column][vc_column_text] Pala\u010da Erd\u00f6dy-Pata\u010di\u0107 Erd\u00f6dy-Pata\u010di\u0107 Palace is a one-storey building situated on the west corner of the square with a fa\u00e7ade facing east. It was built in the second half of the 18th century and is considered one of the best proportioned buildings of the Baroque Era in north-west Croatia during the reign of Maria Theresa, [&hellip;]<\/p>\n","protected":false},"author":5,"featured_media":0,"parent":0,"menu_order":0,"comment_status":"closed","ping_status":"closed","template":"","meta":{"footnotes":""},"class_list":["post-915","page","type-page","status-publish","hentry"],"translation":{"provider":"WPGlobus","version":"3.0.0","language":"gb","enabled_languages":["hr","gb"],"languages":{"hr":{"title":true,"content":true,"excerpt":false},"gb":{"title":true,"content":true,"excerpt":false}}},"_links":{"self":[{"href":"https:\/\/glazbena.hr\/gb\/wp-json\/wp\/v2\/pages\/915","targetHints":{"allow":["GET"]}}],"collection":[{"href":"https:\/\/glazbena.hr\/gb\/wp-json\/wp\/v2\/pages"}],"about":[{"href":"https:\/\/glazbena.hr\/gb\/wp-json\/wp\/v2\/types\/page"}],"author":[{"embeddable":true,"href":"https:\/\/glazbena.hr\/gb\/wp-json\/wp\/v2\/users\/5"}],"replies":[{"embeddable":true,"href":"https:\/\/glazbena.hr\/gb\/wp-json\/wp\/v2\/comments?post=915"}],"version-history":[{"count":2,"href":"https:\/\/glazbena.hr\/gb\/wp-json\/wp\/v2\/pages\/915\/revisions"}],"predecessor-version":[{"id":24888,"href":"https:\/\/glazbena.hr\/gb\/wp-json\/wp\/v2\/pages\/915\/revisions\/24888"}],"wp:attachment":[{"href":"https:\/\/glazbena.hr\/gb\/wp-json\/wp\/v2\/media?parent=915"}],"curies":[{"name":"wp","href":"https:\/\/api.w.org\/{rel}","templated":true}]}}