{"id":939,"date":"2018-08-31T09:10:56","date_gmt":"2018-08-31T09:10:56","guid":{"rendered":"https:\/\/glazbena.hr\/wp\/?page_id=939"},"modified":"2026-02-01T12:06:37","modified_gmt":"2026-02-01T11:06:37","slug":"profesori","status":"publish","type":"page","link":"https:\/\/glazbena.hr\/gb\/piano\/profesori\/","title":{"rendered":"Teachers"},"content":{"rendered":"<p><img loading=\"lazy\" decoding=\"async\" class=\"wp-image-5393 size-medium aligncenter\" src=\"https:\/\/glazbena.hr\/wp-content\/uploads\/2019\/11\/Koncertna_dvorana-1-300x225.jpg\" alt=\"\" width=\"300\" height=\"225\" srcset=\"https:\/\/glazbena.hr\/wp-content\/uploads\/2019\/11\/Koncertna_dvorana-1-300x225.jpg 300w, https:\/\/glazbena.hr\/wp-content\/uploads\/2019\/11\/Koncertna_dvorana-1-768x576.jpg 768w, https:\/\/glazbena.hr\/wp-content\/uploads\/2019\/11\/Koncertna_dvorana-1-1024x768.jpg 1024w, https:\/\/glazbena.hr\/wp-content\/uploads\/2019\/11\/Koncertna_dvorana-1.jpg 1414w\" sizes=\"auto, (max-width: 300px) 100vw, 300px\" \/><\/p>\n<p>&nbsp;<\/p>\n<p style=\"text-align: center;\">Marko Bi\u0161kup, M.Mus.<br \/>\nD.Sc. Davor Br\u0111anovi\u0107, teacher advisor<br \/>\nLana Cvrtila, M.Mus.<br \/>\nPetar Eldan, teacher<br \/>\nIvana Godec-Vincekovi\u0107, excellent advisor<br \/>\nNarcis Grabar, teacher<br \/>\nHelena Herman, teacher mentor<br \/>\nNikolina Ivan\u010dan, teacher<br \/>\nHelena Knapi\u0107, teacher mentor<br \/>\nJanja Knapi\u0107 Omranloo, teacher<br \/>\nDomagoj Ko\u0161\u0107ak, teacher mentor<br \/>\nAna-Marija Kyun, univ.spec.mus.<br \/>\nVesna Leljak-Petkovi\u0107, teacher<br \/>\nM.A. Danijel Ljubi\u0107<br \/>\nMaja Magdaleni\u0107 Bari\u0107, M.Mus.<br \/>\nMonika Mikec, teacher mentor<br \/>\nDanijel Oto, teacher mentor<br \/>\nKarlo Posnjak<br \/>\nDijana Pohulek, M.Mus.<br \/>\nLea \u0160antek, excellent advisor<br \/>\nMarko \u0160antek, M.Mus.<br \/>\nPredrag \u0160antek, excellent advisor<br \/>\nDavid Vukovi\u0107, M.Mus.<\/p>\n<p>&nbsp;<\/p>\n<p><img loading=\"lazy\" decoding=\"async\" class=\"wp-image-31344 size-medium aligncenter\" src=\"https:\/\/glazbena.hr\/wp-content\/uploads\/2024\/08\/Murai_otvorenje-1-2-300x174.jpg\" alt=\"\" width=\"300\" height=\"174\" srcset=\"https:\/\/glazbena.hr\/wp-content\/uploads\/2024\/08\/Murai_otvorenje-1-2-300x174.jpg 300w, https:\/\/glazbena.hr\/wp-content\/uploads\/2024\/08\/Murai_otvorenje-1-2-1024x593.jpg 1024w, https:\/\/glazbena.hr\/wp-content\/uploads\/2024\/08\/Murai_otvorenje-1-2-768x445.jpg 768w, https:\/\/glazbena.hr\/wp-content\/uploads\/2024\/08\/Murai_otvorenje-1-2-1536x890.jpg 1536w, https:\/\/glazbena.hr\/wp-content\/uploads\/2024\/08\/Murai_otvorenje-1-2.jpg 1600w\" sizes=\"auto, (max-width: 300px) 100vw, 300px\" \/><\/p>\n","protected":false},"excerpt":{"rendered":"<p>&nbsp; Marko Bi\u0161kup, M.Mus. D.Sc. Davor Br\u0111anovi\u0107, teacher advisor Lana Cvrtila, M.Mus. Petar Eldan, teacher Ivana Godec-Vincekovi\u0107, excellent advisor Narcis Grabar, teacher Helena Herman, teacher mentor Nikolina Ivan\u010dan, teacher Helena Knapi\u0107, teacher mentor Janja Knapi\u0107 Omranloo, teacher Domagoj Ko\u0161\u0107ak, teacher mentor Ana-Marija Kyun, univ.spec.mus. Vesna Leljak-Petkovi\u0107, teacher M.A. Danijel Ljubi\u0107 Maja Magdaleni\u0107 Bari\u0107, M.Mus. Monika [&hellip;]<\/p>\n","protected":false},"author":5,"featured_media":0,"parent":934,"menu_order":0,"comment_status":"closed","ping_status":"closed","template":"","meta":{"footnotes":""},"class_list":["post-939","page","type-page","status-publish","hentry"],"translation":{"provider":"WPGlobus","version":"3.0.0","language":"gb","enabled_languages":["hr","gb"],"languages":{"hr":{"title":true,"content":true,"excerpt":false},"gb":{"title":true,"content":true,"excerpt":false}}},"_links":{"self":[{"href":"https:\/\/glazbena.hr\/gb\/wp-json\/wp\/v2\/pages\/939","targetHints":{"allow":["GET"]}}],"collection":[{"href":"https:\/\/glazbena.hr\/gb\/wp-json\/wp\/v2\/pages"}],"about":[{"href":"https:\/\/glazbena.hr\/gb\/wp-json\/wp\/v2\/types\/page"}],"author":[{"embeddable":true,"href":"https:\/\/glazbena.hr\/gb\/wp-json\/wp\/v2\/users\/5"}],"replies":[{"embeddable":true,"href":"https:\/\/glazbena.hr\/gb\/wp-json\/wp\/v2\/comments?post=939"}],"version-history":[{"count":35,"href":"https:\/\/glazbena.hr\/gb\/wp-json\/wp\/v2\/pages\/939\/revisions"}],"predecessor-version":[{"id":40355,"href":"https:\/\/glazbena.hr\/gb\/wp-json\/wp\/v2\/pages\/939\/revisions\/40355"}],"up":[{"embeddable":true,"href":"https:\/\/glazbena.hr\/gb\/wp-json\/wp\/v2\/pages\/934"}],"wp:attachment":[{"href":"https:\/\/glazbena.hr\/gb\/wp-json\/wp\/v2\/media?parent=939"}],"curies":[{"name":"wp","href":"https:\/\/api.w.org\/{rel}","templated":true}]}}