{"id":946,"date":"2018-08-31T09:12:12","date_gmt":"2018-08-31T09:12:12","guid":{"rendered":"https:\/\/glazbena.hr\/wp\/?page_id=946"},"modified":"2018-09-27T13:45:49","modified_gmt":"2018-09-27T13:45:49","slug":"voditelj-odjela","status":"publish","type":"page","link":"https:\/\/glazbena.hr\/gb\/teoretski\/voditelj-odjela\/","title":{"rendered":"Voditelj odjela"},"content":{"rendered":"<p>Dada Ru\u017ea ro\u0111ena je u Vara\u017edinu gdje je zavr\u0161ila osnovno i srednje obrazovanje na dana\u0161njoj Prvoj gimnaziji te na Srednjoj glazbenoj \u0161koli. Diplomirala je studij dirigiranja na Muzi\u010dkoj akademiji u Zagrebu u klasi Igora Gjadrova te studij \u010dembala na Konzervatoriju \u201eHermann Zilcher u W\u00fcrzburgu u klasi Lucy Hallman Russell. Na Glazbenoj \u0161koli u Vara\u017edinu zaposlila se 1985. godine. Nakon zaposlenja stru\u010dno se usavr\u0161avala na seminarima kod istaknutih doma\u0107ih i me\u0111unarodnih stru\u010dnjaka s raznih podru\u010dja, a osobito s podru\u010dja zbornog dirigiranja te povijesne izvodila\u010dke prakse. Tijekom svojega radnog vijeka predavala je desetak raznih obveznih predmeta umjetni\u010dkog obrazovanja na podru\u010dju glazbe. Pokrenula je nastavu \u010dembala kao fakultativnog predmeta te nastupala kao \u010dembalistica Vara\u017edinskog baroknog ansambla u Hrvatskoj i u inozemstvu. Trenutno predaje sviranje partitura, dirigiranje i \u010dembalo, vodi Djevoja\u010dki, Mu\u0161ki i Mje\u0161oviti zbor, Guda\u010dki orkestar i Vokalni oktet te obna\u0161a du\u017enost voditeljice Odjela za teoriju glazbe. U njezinu se radu uzajamno nadopunjuju glazbena pedagogija, umjetni\u010dko izvodila\u0161tvo te znanstveno-istra\u017eiva\u010dki rad.<br \/>\nKao dirigentica zborova Glazbene \u0161kole u Vara\u017edinu s uspjehom je nastupala na dr\u017eavnim i me\u0111unarodnim natjecanjima. S djevoja\u010dkim zborom Glazbene \u0161kole u Vara\u017edinu nastupala je na:<br \/>\n-Hrvatskom natjecanju u\u010denika i studenata glazbe i plesa, gdje je osvojila dvije druge i tri prve nagrade<br \/>\n-Glazbenim sve\u010danostima hrvatske mlade\u017ei, gdje je osvojila tri Zlatne plakete te u dva navrata Prijelazni pehar Hrvatskog dru\u0161tva skladatelja za najbolju izvedbu djela hrvatskog autora<br \/>\n-Me\u0111unarodnom zborskom natjecanju Azzano Decimo u Italiji gdje je osvojila prvu nagradu i posebnu nagradu za najboljeg dirigenta<br \/>\n-Mednarodnom mladinskom pevskom festivalu u Celju, gdje je osvojila Zlatnu plaketu i posebnu nagradu za najbolju izvedbu djela starog majstora.<\/p>\n<p>Mje\u0161oviti zbor Glazbene \u0161kole u Vara\u017edinu pod njezinim je vodstvom nastupio na Natjecanju pjeva\u010dkih zborova Zagreb 2014. te osvojio srebrne plakete u dvije kategorije. Za nastup u izvedbi oratorija \u201ePrijenos sv. Dujma\u201c na Vara\u017edinskim baroknim ve\u010derima 1999. pod ravnanjem Pavla De\u0161palja, Zbor je primio festivalsku nagradu \u201eIvan Luka\u010di\u0107\u201c.<\/p>\n<p>Sa \u0161kolskim zborovima odr\u017eala je niz uspje\u0161nih nastupa \u0161irom Hrvatske te u Sloveniji, Italiji, Austriji, Njema\u010dkoj, \u0160panjolskoj i Velikoj Britaniji. Na me\u0111unarodnom planu isti\u010de se sudjelovanje u velikim vokalno-instrumentalnim projektima u suradnji s Glazbenom \u0161kolom u Ravensburgu te nastup na uglednom London Handel Festivalu.<\/p>\n<p>Na Glazbenoj \u0161koli u Vara\u017edinu osnovala je Vokalni oktet koji je na Dr\u017eavnom natjecanju u\u010denika i studenata glazbe i plesa osvojio drugu nagradu te s uspjehom nastupao u Hrvatskoj, Njema\u010dkoj i Velikoj Britaniji.<\/p>\n<p>Osim \u0161kolskih zborova, vodila je od 2007.-2013. i Mje\u0161oviti zbor Obrtni\u010dkog glazbenog dru\u0161tva s kojim je u nekoliko navrata pobijedila u natjecateljskom dijelu Smotre zborova Vara\u017edinske \u017eupanije, temeljem toga uspje\u0161no nastupala na Susretu hrvatskih pjeva\u010dkih zborova, kao i na koncertima \u0161irom Hrvatske te u Ma\u0111arskoj.<\/p>\n<p>Kao posljednji u nizu zborova koje je vodila, istaknuo se Komorni zbor Hrvatskog narodnog kazali\u0161ta u Vara\u017edinu zapa\u017eenim nastupom u glazbeno-scenskoj predstavi \u201eMislibolesnik iliti hipokondrijaku\u0161\u201c izvode\u0107i scensku glazbu M. A. Charpentierea pod ravnanjem Sa\u0161e Britvi\u0107a 2015. godine.<\/p>\n<p>Dada Ru\u017ea suradnica je doma\u0107ih i stranih udruga i ustanova s podru\u010dja glazbe, glazbene pedagogije te znansveno-istra\u017eiva\u010dkog rada. Sura\u0111ivala je s vi\u0161e profesionalnih, studentskh i u\u010deni\u010dkih orkestara. Osobito mjesto zauzima suradnja s Glazbenom \u0161kolom u Ravensburgu te s Me\u0111unarodnom ljetnom \u0161kolom barokne glazbe i plesa \u201eAestas Musica\u201c, koja je se temeljem njezine inicijative odr\u017eavala u Vara\u017edinu redovito od 1999.-2015. godine. U suradnji s Agencijom za odgoj i obrazovanje Ministarstva znanosti, obrazovanja i sporta, niz je godina djelovala kao predava\u010d na stru\u010dnim skupovima te kao voditeljica Me\u0111u\u017eupanijskog stru\u010dnog vije\u0107a u\u010ditelja teoretskih glazbenih predmeta. U suradnji sa Zavodom za znanstveni rad Hrvatske akademije znanosti i umjetnosti u Vara\u017edinu, objavila je niz radova u kategoriji stru\u010dnog i preglednog \u010dlanka te izvornog znanstvenog rada, a inicirala je odr\u017eavanje me\u0111unarodnog znanstvenog skupa o \u017eivotu i radu skladatelja Ivana Krstitelja Va\u0148hala prigodom 200. obljetnice njegove smrti. Znanstvene radove te notne edicije objavljivala je tako\u0111er u izdanju Encyclopaediae modernae, Matice hrvatske te Glazbenih sve\u010danosti hrvatske mlade\u017ei.<\/p>\n<p>Djelovala je kao \u010dlanica i predsjednica prosudbenih povjerenstava na \u017eupanijskim i dr\u017eavnim natjecanjima \u0161kolskih i amaterskih zborova i orkestara te kao \u010dlanica \u017eirija za festivalske nagrade Vara\u017edinskih baroknih ve\u010deri. Za svoj sveukupni rad primila je 2015. godine Nagradu Grada Vara\u017edina.<\/p>\n","protected":false},"excerpt":{"rendered":"<p>Dada Ru\u017ea ro\u0111ena je u Vara\u017edinu gdje je zavr\u0161ila osnovno i srednje obrazovanje na dana\u0161njoj Prvoj gimnaziji te na Srednjoj glazbenoj \u0161koli. Diplomirala je studij dirigiranja na Muzi\u010dkoj akademiji u Zagrebu u klasi Igora Gjadrova te studij \u010dembala na Konzervatoriju \u201eHermann Zilcher u W\u00fcrzburgu u klasi Lucy Hallman Russell. Na Glazbenoj \u0161koli u Vara\u017edinu zaposlila [&hellip;]<\/p>\n","protected":false},"author":5,"featured_media":0,"parent":952,"menu_order":0,"comment_status":"closed","ping_status":"closed","template":"","meta":{"footnotes":""},"class_list":["post-946","page","type-page","status-publish","hentry"],"translation":{"provider":"WPGlobus","version":"3.0.0","language":"gb","enabled_languages":["hr","gb"],"languages":{"hr":{"title":true,"content":true,"excerpt":false},"gb":{"title":false,"content":false,"excerpt":false}}},"_links":{"self":[{"href":"https:\/\/glazbena.hr\/gb\/wp-json\/wp\/v2\/pages\/946","targetHints":{"allow":["GET"]}}],"collection":[{"href":"https:\/\/glazbena.hr\/gb\/wp-json\/wp\/v2\/pages"}],"about":[{"href":"https:\/\/glazbena.hr\/gb\/wp-json\/wp\/v2\/types\/page"}],"author":[{"embeddable":true,"href":"https:\/\/glazbena.hr\/gb\/wp-json\/wp\/v2\/users\/5"}],"replies":[{"embeddable":true,"href":"https:\/\/glazbena.hr\/gb\/wp-json\/wp\/v2\/comments?post=946"}],"version-history":[{"count":0,"href":"https:\/\/glazbena.hr\/gb\/wp-json\/wp\/v2\/pages\/946\/revisions"}],"up":[{"embeddable":true,"href":"https:\/\/glazbena.hr\/gb\/wp-json\/wp\/v2\/pages\/952"}],"wp:attachment":[{"href":"https:\/\/glazbena.hr\/gb\/wp-json\/wp\/v2\/media?parent=946"}],"curies":[{"name":"wp","href":"https:\/\/api.w.org\/{rel}","templated":true}]}}