{"id":964,"date":"2018-08-31T09:14:55","date_gmt":"2018-08-31T09:14:55","guid":{"rendered":"https:\/\/glazbena.hr\/wp\/?page_id=964"},"modified":"2024-08-25T08:54:01","modified_gmt":"2024-08-25T07:54:01","slug":"gudacki","status":"publish","type":"page","link":"https:\/\/glazbena.hr\/gb\/gudacki\/","title":{"rendered":"String"},"content":{"rendered":"<p><strong>HEAD OF THE DEPARTMENT<\/strong><\/p>\n<p><a href=\"https:\/\/glazbena.hr\/wp-content\/uploads\/2022\/03\/gettzy-ruta-2-1.jpg\"><img loading=\"lazy\" decoding=\"async\" class=\"alignnone size-medium wp-image-18739\" src=\"https:\/\/glazbena.hr\/wp-content\/uploads\/2022\/03\/gettzy-ruta-2-1-204x300.jpg\" alt=\"\" width=\"204\" height=\"300\" srcset=\"https:\/\/glazbena.hr\/wp-content\/uploads\/2022\/03\/gettzy-ruta-2-1-204x300.jpg 204w, https:\/\/glazbena.hr\/wp-content\/uploads\/2022\/03\/gettzy-ruta-2-1-695x1024.jpg 695w, https:\/\/glazbena.hr\/wp-content\/uploads\/2022\/03\/gettzy-ruta-2-1-768x1131.jpg 768w, https:\/\/glazbena.hr\/wp-content\/uploads\/2022\/03\/gettzy-ruta-2-1-1043x1536.jpg 1043w, https:\/\/glazbena.hr\/wp-content\/uploads\/2022\/03\/gettzy-ruta-2-1-1391x2048.jpg 1391w, https:\/\/glazbena.hr\/wp-content\/uploads\/2022\/03\/gettzy-ruta-2-1.jpg 1687w\" sizes=\"auto, (max-width: 204px) 100vw, 204px\" \/><\/a><\/p>\n<p><strong>Lidija Bobi\u0107<\/strong><\/p>\n<p>Lidija Bobi\u0107 was born in Vara\u017edin, where she graduated from the Vara\u017edin School of Music. She continued her education at the Peter Ilyich Tchaikovsky State Conservatory in Kiev, Ukraine in the class of prof. Taras Pecheny, who introduced her in detail to the Russian violin school and the work of professors Yuri Jankeljejevic and Abram Jampolski, the most eminent violin pedagogues. She graduated in 1994 in the class of Professor Igor Andrijevski. Throughout her studies she attended pre-practice classes (work with children) with the famous Ukrainian pedagogue Konstantin I. Takhtadzhiev, author of violin school for beginners, collection of etudes and songs for children, and one of the leading professors at the school for gifted children N. Lisjenko.<br \/>\nIt was working with preschool children that inspired her to focus her future profession on pedagogical work. In 1995, she received her first job as a violin teacher at the Miroslav Magdaleni\u0107 Music School in \u010cakovec.<br \/>\nShe started working at the Vara\u017edin School of Music in 2007 and, in addition to teaching violin at the Elementary Music School, she started with the preschool violin program for children in the &#8220;Small Violin School&#8221;. Working with children of that age has shown great results in many national and international competitions. With her students, she has won numerous awards in Croatia, Serbia, Italy and made notable performances with Croatian chamber ensembles &#8211; Vara\u017edin Chamber Orchestra, Croatian Chamber Orchestra, Zagreb Soloists. Her students have performed several times at the renowned Vara\u017edin Baroque Evening Festival. She participated in the work of the jury at the Regional Competition HDGPP, and at International Competitions in Serbia and Slovenia.<br \/>\nTogether with prof. Goran Kon\u010dar she participated in the organization of the Franjo Kre\u017ema competition in Vinkovci, and at the invitation of the organizers of Musica Zagreb, she designed the 1st International Violin Online Competition Ludmila Weiser as a homage to our first Croatian professional violinist.<\/p>\n","protected":false},"excerpt":{"rendered":"<p>HEAD OF THE DEPARTMENT Lidija Bobi\u0107 Lidija Bobi\u0107 was born in Vara\u017edin, where she graduated from the Vara\u017edin School of Music. She continued her education at the Peter Ilyich Tchaikovsky State Conservatory in Kiev, Ukraine in the class of prof. Taras Pecheny, who introduced her in detail to the Russian violin school and the work [&hellip;]<\/p>\n","protected":false},"author":5,"featured_media":0,"parent":0,"menu_order":0,"comment_status":"closed","ping_status":"closed","template":"","meta":{"footnotes":""},"class_list":["post-964","page","type-page","status-publish","hentry"],"translation":{"provider":"WPGlobus","version":"3.0.0","language":"gb","enabled_languages":["hr","gb"],"languages":{"hr":{"title":true,"content":true,"excerpt":false},"gb":{"title":true,"content":true,"excerpt":false}}},"_links":{"self":[{"href":"https:\/\/glazbena.hr\/gb\/wp-json\/wp\/v2\/pages\/964","targetHints":{"allow":["GET"]}}],"collection":[{"href":"https:\/\/glazbena.hr\/gb\/wp-json\/wp\/v2\/pages"}],"about":[{"href":"https:\/\/glazbena.hr\/gb\/wp-json\/wp\/v2\/types\/page"}],"author":[{"embeddable":true,"href":"https:\/\/glazbena.hr\/gb\/wp-json\/wp\/v2\/users\/5"}],"replies":[{"embeddable":true,"href":"https:\/\/glazbena.hr\/gb\/wp-json\/wp\/v2\/comments?post=964"}],"version-history":[{"count":5,"href":"https:\/\/glazbena.hr\/gb\/wp-json\/wp\/v2\/pages\/964\/revisions"}],"predecessor-version":[{"id":31616,"href":"https:\/\/glazbena.hr\/gb\/wp-json\/wp\/v2\/pages\/964\/revisions\/31616"}],"wp:attachment":[{"href":"https:\/\/glazbena.hr\/gb\/wp-json\/wp\/v2\/media?parent=964"}],"curies":[{"name":"wp","href":"https:\/\/api.w.org\/{rel}","templated":true}]}}