{"id":968,"date":"2018-08-31T09:15:36","date_gmt":"2018-08-31T09:15:36","guid":{"rendered":"https:\/\/glazbena.hr\/wp\/?page_id=968"},"modified":"2026-02-01T12:10:44","modified_gmt":"2026-02-01T11:10:44","slug":"profesori","status":"publish","type":"page","link":"https:\/\/glazbena.hr\/gb\/puhacki\/profesori\/","title":{"rendered":"Teachers"},"content":{"rendered":"<p><img loading=\"lazy\" decoding=\"async\" class=\"wp-image-29518 size-medium aligncenter\" src=\"https:\/\/glazbena.hr\/wp-content\/uploads\/2023\/12\/Barcelona_Erasmus_2023-85-300x177.jpg\" alt=\"\" width=\"300\" height=\"177\" srcset=\"https:\/\/glazbena.hr\/wp-content\/uploads\/2023\/12\/Barcelona_Erasmus_2023-85-300x177.jpg 300w, https:\/\/glazbena.hr\/wp-content\/uploads\/2023\/12\/Barcelona_Erasmus_2023-85-1024x604.jpg 1024w, https:\/\/glazbena.hr\/wp-content\/uploads\/2023\/12\/Barcelona_Erasmus_2023-85-768x453.jpg 768w, https:\/\/glazbena.hr\/wp-content\/uploads\/2023\/12\/Barcelona_Erasmus_2023-85-1536x905.jpg 1536w, https:\/\/glazbena.hr\/wp-content\/uploads\/2023\/12\/Barcelona_Erasmus_2023-85.jpg 1600w\" sizes=\"auto, (max-width: 300px) 100vw, 300px\" \/><\/p>\n<p style=\"text-align: center;\">Daniel \u0110un\u0111u\u0161, B. A. &#8211; saxophone<br \/>\nJelena Ge\u010dek, teacher advisor &#8211; Flute<br \/>\nMelanija Grade\u010dak, teacher \u2013 Flute<br \/>\nPetra Horvat, M.Art. \u2013 Saxophone<br \/>\nPetar Kri\u017eani\u0107, teacher \u2013 Basson<br \/>\nNikola Novak, teacher advisor \u2013 Tuba<br \/>\nGordan Per\u0161i, teacher \u2013 Clarinet<br \/>\nMarko Prepeli\u0107, teacher mentor &#8211; Trumpet<br \/>\nPetar Prepeli\u0107, teacher advisor \u2013 Trombone<br \/>\nM.A. Tomislav Ratkovi\u0107, teacher &#8211; Trumpet<br \/>\nLidija Skender, teacher &#8211; Clarinet<br \/>\nM.A. Andrej Skender, teacher \u2013 Clarinet<br \/>\nVlatka Taborsky, teacher mentor \u2013 Flute<br \/>\nNikola Zver, M.Mus. \u2013 Horn<br \/>\nEmina \u017dupani\u0107, teacher &#8211; Oboe<\/p>\n<p>\u00a0 \u00a0 <img loading=\"lazy\" decoding=\"async\" class=\"wp-image-2471 aligncenter\" src=\"https:\/\/glazbena.hr\/wp-content\/uploads\/2018\/10\/glazbena_skola_puhacki-3-300x200.jpg\" alt=\"\" width=\"350\" height=\"234\" srcset=\"https:\/\/glazbena.hr\/wp-content\/uploads\/2018\/10\/glazbena_skola_puhacki-3-300x200.jpg 300w, https:\/\/glazbena.hr\/wp-content\/uploads\/2018\/10\/glazbena_skola_puhacki-3-768x513.jpg 768w, https:\/\/glazbena.hr\/wp-content\/uploads\/2018\/10\/glazbena_skola_puhacki-3-1024x684.jpg 1024w, https:\/\/glazbena.hr\/wp-content\/uploads\/2018\/10\/glazbena_skola_puhacki-3.jpg 1170w\" sizes=\"auto, (max-width: 350px) 100vw, 350px\" \/><\/p>\n<p>&nbsp;<\/p>\n","protected":false},"excerpt":{"rendered":"<p>Daniel \u0110un\u0111u\u0161, B. A. &#8211; saxophone Jelena Ge\u010dek, teacher advisor &#8211; Flute Melanija Grade\u010dak, teacher \u2013 Flute Petra Horvat, M.Art. \u2013 Saxophone Petar Kri\u017eani\u0107, teacher \u2013 Basson Nikola Novak, teacher advisor \u2013 Tuba Gordan Per\u0161i, teacher \u2013 Clarinet Marko Prepeli\u0107, teacher mentor &#8211; Trumpet Petar Prepeli\u0107, teacher advisor \u2013 Trombone M.A. Tomislav Ratkovi\u0107, teacher &#8211; [&hellip;]<\/p>\n","protected":false},"author":5,"featured_media":0,"parent":972,"menu_order":0,"comment_status":"closed","ping_status":"closed","template":"","meta":{"footnotes":""},"class_list":["post-968","page","type-page","status-publish","hentry"],"translation":{"provider":"WPGlobus","version":"3.0.0","language":"gb","enabled_languages":["hr","gb"],"languages":{"hr":{"title":true,"content":true,"excerpt":false},"gb":{"title":true,"content":true,"excerpt":false}}},"_links":{"self":[{"href":"https:\/\/glazbena.hr\/gb\/wp-json\/wp\/v2\/pages\/968","targetHints":{"allow":["GET"]}}],"collection":[{"href":"https:\/\/glazbena.hr\/gb\/wp-json\/wp\/v2\/pages"}],"about":[{"href":"https:\/\/glazbena.hr\/gb\/wp-json\/wp\/v2\/types\/page"}],"author":[{"embeddable":true,"href":"https:\/\/glazbena.hr\/gb\/wp-json\/wp\/v2\/users\/5"}],"replies":[{"embeddable":true,"href":"https:\/\/glazbena.hr\/gb\/wp-json\/wp\/v2\/comments?post=968"}],"version-history":[{"count":17,"href":"https:\/\/glazbena.hr\/gb\/wp-json\/wp\/v2\/pages\/968\/revisions"}],"predecessor-version":[{"id":40359,"href":"https:\/\/glazbena.hr\/gb\/wp-json\/wp\/v2\/pages\/968\/revisions\/40359"}],"up":[{"embeddable":true,"href":"https:\/\/glazbena.hr\/gb\/wp-json\/wp\/v2\/pages\/972"}],"wp:attachment":[{"href":"https:\/\/glazbena.hr\/gb\/wp-json\/wp\/v2\/media?parent=968"}],"curies":[{"name":"wp","href":"https:\/\/api.w.org\/{rel}","templated":true}]}}