{"id":974,"date":"2018-08-31T09:16:41","date_gmt":"2018-08-31T09:16:41","guid":{"rendered":"https:\/\/glazbena.hr\/wp\/?page_id=974"},"modified":"2018-09-04T10:55:41","modified_gmt":"2018-09-04T10:55:41","slug":"voditelj-odjela-2","status":"publish","type":"page","link":"https:\/\/glazbena.hr\/gb\/guitar\/voditelj-odjela-2\/","title":{"rendered":"Voditelj odjela"},"content":{"rendered":"<p><strong>Moreno Vincekovi\u0107<\/strong><\/p>\n<p>Ro\u0111en je 21. travnja 1973. godine u Vara\u017edinu. Gimnaziju u Vara\u017edinu zavr\u0161io je kao odli\u010dan u\u010denik usporedno poha\u0111aju\u0107i i Glazbenu \u0161kolu, glavni predmet gitara, koju kao najmla\u0111i u svojoj generaciji zavr\u0161ava 1989. godine tako\u0111er s odli\u010dnim uspjehom.<br \/>\n1990. godine upisao je Muzi\u010dku akademiju u Zagrebu gdje je diplomirao u klasi profesora Istvana R\u00f6mera 1995. godine kao jedan od najmla\u0111ih i najuspje\u0161nijih studenata svoje generacije. Tijekom \u0161kolovanja osvajao je brojne nagrade i priznanja od kojih treba izdvojiti prvu nagradu na Natjecanju u\u010denika i studenata glazbe Republike Hrvatske, prvu nagradu na Natjecanju u\u010denika i studenata glazbe biv\u0161e SFRJ u Sarajevu te Rektorovu nagradu Sveu\u010dili\u0161ta u Zagrebu.<\/p>\n<p>Na Glazbenoj \u0161koli u Vara\u017edinu radi kao nastavnik gitare od 1988. godine, postav\u0161i time najmla\u0111i nastavnik u povijesti \u0160kole. Inicijator je otvaranja srednjo\u0161kolskog odjela za gitaru u Vara\u017edinu i njegov prvi profesor, a danas radi kao nastavnik gitare i komorne glazbe, te je voditelj Odjela za gitaru i tambure. Odlukom dr\u017eavne Agencije za odgoj i obrazovanje 2017. godine sti\u010de status profesor mentor, a od \u0161kolske godine 2018\/2019 imenovan je voditeljem \u017eupanijskog stru\u010dnog vije\u0107a za nastavnike gitare za \u010dak deset \u017eupanija.<\/p>\n<p>Njegovi u\u010denici dobitnici su mnogobrojnih visokih nagrada na regionalnim, dr\u017eavnim i me\u0111unarodnim natjecanjima, nastupali su na Vara\u017edinskim baroknim ve\u010derima te kao solisti sa Vara\u017edinskim komornim orkestrom. Dvoje u\u010denika dobitnici su godi\u0161nje Rotary nagrade za izvrsnost 2015. i 2016. godine. Studij gitare do sada je upisalo 10 njegovih u\u010denika na muzi\u010dkim akademijama u Republici Hrvatskoj, Austriji, Njema\u010dkoj, \u0160vicarskoj, Nizozemskoj i Engleskoj.<\/p>\n<p>Ve\u0107 dugi niz godina aktivno sudjeluje u razvoju gitarske pedagogije, a 1998. godine zajedno sa nekoliko renomiranih gitarskih pedagoga i umjetnika osniva Hrvatsku udrugu gitarskih pedagoga \u2013 HUGIP, koja danas broji vi\u0161e od 300 \u010dlanova.<br \/>\nPredsjednik je Hrvatske udruge gitarskih pedagoga od 2002.-2010. godine.<br \/>\nKonstantno se stru\u010dno usavr\u0161ava, a dosad je organizirao ogroman broj stru\u010dnih seminara i koncerata kako za nastavnike tako i za u\u010denike gitare koje su vodili neki od najeminentnijih svjetskih gitarskih umjetnika i pedagoga.<\/p>\n<p>U periodu od 2005.-2013. \u010dlan je predsjedni\u0161tva Hrvatskog dru\u0161tva glazbenih i plesnih pedagoga, kao i ocjenjiva\u010dkih sudova u disciplini gitara na regionalnim i dr\u017eavnim natjecanjima u organizaciji Ministarstva znanosti, obrazovanja i sporta i HDGPP-a. Djeluje i kao \u010dlan ocjenjiva\u010dkih sudova na me\u0111unarodnim natjecanjima.<\/p>\n<p>Bio je predsjednik Organizacijskog odbora za provedbu dr\u017eavnog natjecanja u\u010denika i studenata glazbe i plesa u Vara\u017edinu, predsjednik Organizacijskog odbora \u017dupanijske smotre glazbenog stvarala\u0161tva mladih, \u010dlan Dr\u017eavnog povjerenstva Glazbenih sve\u010danosti hrvatske mlade\u017ei, \u010dlan Dr\u017eavnog povjerenstva za provedbu natjecanja u\u010denika i studenata glazbe i plesa, \u010dlan Organizacijskog odbora Me\u0111unarodne \u0161kole barokne glazbe i plesa \u201dAestas Musica\u201d, \u010dlan Festivalskog vije\u0107a Vara\u017edinskih baroknih ve\u010deri te \u010dlan Ocjenjiva\u010dkog suda za dodjelu festivalskih nagrada Vara\u017edinskih baroknih ve\u010deri.<\/p>\n<p>Od 1998. do 2000. godine predsjednik je \u0160kolskog odbora Glazbene \u0161kole u Vara\u017edinu, a od srpnja 2000. do travnja 2013. bio je ravnatelj Glazbene \u0161kole u Vara\u017edinu, postav\u0161i time najmla\u0111i ravnatelj jedne srednjo\u0161kolske institucije u Republici Hrvatskoj.<\/p>\n","protected":false},"excerpt":{"rendered":"<p>Moreno Vincekovi\u0107 Ro\u0111en je 21. travnja 1973. godine u Vara\u017edinu. Gimnaziju u Vara\u017edinu zavr\u0161io je kao odli\u010dan u\u010denik usporedno poha\u0111aju\u0107i i Glazbenu \u0161kolu, glavni predmet gitara, koju kao najmla\u0111i u svojoj generaciji zavr\u0161ava 1989. godine tako\u0111er s odli\u010dnim uspjehom. 1990. godine upisao je Muzi\u010dku akademiju u Zagrebu gdje je diplomirao u klasi profesora Istvana R\u00f6mera [&hellip;]<\/p>\n","protected":false},"author":5,"featured_media":0,"parent":980,"menu_order":0,"comment_status":"closed","ping_status":"closed","template":"","meta":{"footnotes":""},"class_list":["post-974","page","type-page","status-publish","hentry"],"translation":{"provider":"WPGlobus","version":"3.0.0","language":"gb","enabled_languages":["hr","gb"],"languages":{"hr":{"title":true,"content":true,"excerpt":false},"gb":{"title":false,"content":false,"excerpt":false}}},"_links":{"self":[{"href":"https:\/\/glazbena.hr\/gb\/wp-json\/wp\/v2\/pages\/974","targetHints":{"allow":["GET"]}}],"collection":[{"href":"https:\/\/glazbena.hr\/gb\/wp-json\/wp\/v2\/pages"}],"about":[{"href":"https:\/\/glazbena.hr\/gb\/wp-json\/wp\/v2\/types\/page"}],"author":[{"embeddable":true,"href":"https:\/\/glazbena.hr\/gb\/wp-json\/wp\/v2\/users\/5"}],"replies":[{"embeddable":true,"href":"https:\/\/glazbena.hr\/gb\/wp-json\/wp\/v2\/comments?post=974"}],"version-history":[{"count":0,"href":"https:\/\/glazbena.hr\/gb\/wp-json\/wp\/v2\/pages\/974\/revisions"}],"up":[{"embeddable":true,"href":"https:\/\/glazbena.hr\/gb\/wp-json\/wp\/v2\/pages\/980"}],"wp:attachment":[{"href":"https:\/\/glazbena.hr\/gb\/wp-json\/wp\/v2\/media?parent=974"}],"curies":[{"name":"wp","href":"https:\/\/api.w.org\/{rel}","templated":true}]}}