{"id":976,"date":"2018-08-31T09:16:56","date_gmt":"2018-08-31T09:16:56","guid":{"rendered":"https:\/\/glazbena.hr\/wp\/?page_id=976"},"modified":"2026-02-01T12:07:50","modified_gmt":"2026-02-01T11:07:50","slug":"profesori-2","status":"publish","type":"page","link":"https:\/\/glazbena.hr\/gb\/guitar\/profesori-2\/","title":{"rendered":"Teachers"},"content":{"rendered":"<p><img loading=\"lazy\" decoding=\"async\" class=\"wp-image-31351 size-medium aligncenter\" src=\"https:\/\/glazbena.hr\/wp-content\/uploads\/2024\/08\/Smotra_gitarista-14-300x200.jpg\" alt=\"\" width=\"300\" height=\"200\" srcset=\"https:\/\/glazbena.hr\/wp-content\/uploads\/2024\/08\/Smotra_gitarista-14-300x200.jpg 300w, https:\/\/glazbena.hr\/wp-content\/uploads\/2024\/08\/Smotra_gitarista-14-1024x684.jpg 1024w, https:\/\/glazbena.hr\/wp-content\/uploads\/2024\/08\/Smotra_gitarista-14-768x513.jpg 768w, https:\/\/glazbena.hr\/wp-content\/uploads\/2024\/08\/Smotra_gitarista-14-1536x1026.jpg 1536w, https:\/\/glazbena.hr\/wp-content\/uploads\/2024\/08\/Smotra_gitarista-14.jpg 1600w\" sizes=\"auto, (max-width: 300px) 100vw, 300px\" \/><\/p>\n<p>&nbsp;<\/p>\n<p style=\"text-align: center;\">Magdalena Banfi\u0107, BA &#8211; Guitar<\/p>\n<p style=\"text-align: center;\">Veronika \u0106ikovi\u0107, M.Mus. &#8211; Harph<br \/>\nMiodrag Paravinja, teacher\u2013 Tamburitza<br \/>\nNinoslav Plantak, teacher \u2013 Guitar, Tamburitza<br \/>\nAntonio Rumenovi\u0107, teacher \u2013 Guitar<br \/>\nHrvoje \u0160enjug, M.Mus. \u2013 Guitar<br \/>\nTomislav Toma\u0161kovi\u0107, teacher \u2013 Guitar<br \/>\nMoreno Vincekovi\u0107, teacher advisor \u2013 Guitar<\/p>\n<p><img loading=\"lazy\" decoding=\"async\" class=\"aligncenter wp-image-31352 size-medium\" src=\"https:\/\/glazbena.hr\/wp-content\/uploads\/2024\/08\/Smotra_gitarista-25-300x200.jpg\" alt=\"\" width=\"300\" height=\"200\" srcset=\"https:\/\/glazbena.hr\/wp-content\/uploads\/2024\/08\/Smotra_gitarista-25-300x200.jpg 300w, https:\/\/glazbena.hr\/wp-content\/uploads\/2024\/08\/Smotra_gitarista-25-1024x682.jpg 1024w, https:\/\/glazbena.hr\/wp-content\/uploads\/2024\/08\/Smotra_gitarista-25-768x511.jpg 768w, https:\/\/glazbena.hr\/wp-content\/uploads\/2024\/08\/Smotra_gitarista-25-1536x1022.jpg 1536w, https:\/\/glazbena.hr\/wp-content\/uploads\/2024\/08\/Smotra_gitarista-25.jpg 1600w\" sizes=\"auto, (max-width: 300px) 100vw, 300px\" \/><\/p>\n","protected":false},"excerpt":{"rendered":"<p>&nbsp; Magdalena Banfi\u0107, BA &#8211; Guitar Veronika \u0106ikovi\u0107, M.Mus. &#8211; Harph Miodrag Paravinja, teacher\u2013 Tamburitza Ninoslav Plantak, teacher \u2013 Guitar, Tamburitza Antonio Rumenovi\u0107, teacher \u2013 Guitar Hrvoje \u0160enjug, M.Mus. \u2013 Guitar Tomislav Toma\u0161kovi\u0107, teacher \u2013 Guitar Moreno Vincekovi\u0107, teacher advisor \u2013 Guitar<\/p>\n","protected":false},"author":5,"featured_media":0,"parent":980,"menu_order":0,"comment_status":"closed","ping_status":"closed","template":"","meta":{"footnotes":""},"class_list":["post-976","page","type-page","status-publish","hentry"],"translation":{"provider":"WPGlobus","version":"3.0.0","language":"gb","enabled_languages":["hr","gb"],"languages":{"hr":{"title":true,"content":true,"excerpt":false},"gb":{"title":true,"content":true,"excerpt":false}}},"_links":{"self":[{"href":"https:\/\/glazbena.hr\/gb\/wp-json\/wp\/v2\/pages\/976","targetHints":{"allow":["GET"]}}],"collection":[{"href":"https:\/\/glazbena.hr\/gb\/wp-json\/wp\/v2\/pages"}],"about":[{"href":"https:\/\/glazbena.hr\/gb\/wp-json\/wp\/v2\/types\/page"}],"author":[{"embeddable":true,"href":"https:\/\/glazbena.hr\/gb\/wp-json\/wp\/v2\/users\/5"}],"replies":[{"embeddable":true,"href":"https:\/\/glazbena.hr\/gb\/wp-json\/wp\/v2\/comments?post=976"}],"version-history":[{"count":12,"href":"https:\/\/glazbena.hr\/gb\/wp-json\/wp\/v2\/pages\/976\/revisions"}],"predecessor-version":[{"id":40356,"href":"https:\/\/glazbena.hr\/gb\/wp-json\/wp\/v2\/pages\/976\/revisions\/40356"}],"up":[{"embeddable":true,"href":"https:\/\/glazbena.hr\/gb\/wp-json\/wp\/v2\/pages\/980"}],"wp:attachment":[{"href":"https:\/\/glazbena.hr\/gb\/wp-json\/wp\/v2\/media?parent=976"}],"curies":[{"name":"wp","href":"https:\/\/api.w.org\/{rel}","templated":true}]}}